{"id":1942,"date":"2026-04-10T18:45:36","date_gmt":"2026-04-10T16:45:36","guid":{"rendered":"https:\/\/mossio.sk\/?post_type=product&#038;p=1942"},"modified":"2026-04-11T00:04:08","modified_gmt":"2026-04-10T22:04:08","slug":"natura-balance","status":"publish","type":"product","link":"https:\/\/mossio.sk\/index.php\/produkt\/natura-balance\/","title":{"rendered":"Natura Bonsai"},"content":{"rendered":"","protected":false},"excerpt":{"rendered":"<p data-start=\"132\" data-end=\"379\">Elegantn\u00e1 dekor\u00e1cia in\u0161pirovan\u00e1 japonsk\u00fdm bonsai \u0161t\u00fdlom, ktor\u00e1 sp\u00e1ja pr\u00edrodn\u00e9 prvky kame\u0148a, dreva a machu do harmonick\u00e9ho celku. Ka\u017ed\u00fd kus p\u00f4sob\u00ed ako mal\u00fd \u017eiv\u00fd ekosyst\u00e9m \u2013 pokojn\u00e1 scen\u00e9ria, ktor\u00e1 prinesie do interi\u00e9ru rovnov\u00e1hu a zenov\u00fa atmosf\u00e9ru.<\/p>\n<p data-start=\"381\" data-end=\"594\">Ru\u010dne aran\u017eovan\u00fd dizajn vytv\u00e1ra jedine\u010dn\u00fd vzh\u013ead, pri\u010dom kombin\u00e1cia text\u00far (kame\u0148, drevo, mach) dod\u00e1va produktu autentick\u00fd pr\u00edrodn\u00fd charakter. Ide\u00e1lny doplnok na pracovn\u00fd st\u00f4l, poli\u010dku alebo ako origin\u00e1lny dar\u010dek.<\/p>\n<h3 data-section-id=\"1hisiqv\" data-start=\"601\" data-end=\"622\"><span role=\"text\"><strong data-start=\"607\" data-end=\"622\">Vlastnosti:<\/strong><\/span><\/h3>\n<ul data-start=\"623\" data-end=\"835\">\n<li data-section-id=\"1xi6zq9\" data-start=\"623\" data-end=\"662\">\u00a0Pr\u00edrodn\u00fd vzh\u013ead in\u0161pirovan\u00fd bonsai<\/li>\n<li data-section-id=\"1h3oyw8\" data-start=\"663\" data-end=\"702\">\u00a0Kombin\u00e1cia kame\u0148a, dreva a machu<\/li>\n<li data-section-id=\"1rmtlnm\" data-start=\"703\" data-end=\"737\">\u00a0Ru\u010dne aran\u017eovan\u00fd ka\u017ed\u00fd kus<\/li>\n<li data-section-id=\"85e652\" data-start=\"738\" data-end=\"790\">\u00a0Vhodn\u00e9 do modern\u00e9ho aj rustik\u00e1lneho interi\u00e9ru<\/li>\n<li data-section-id=\"1a8f5ep\" data-start=\"791\" data-end=\"835\">\u00a0Perfektn\u00fd dar\u010dek pre milovn\u00edkov pr\u00edrody<\/li>\n<\/ul>\n","protected":false},"featured_media":1953,"comment_status":"open","ping_status":"closed","template":"","meta":[],"product_brand":[],"product_cat":[15],"product_tag":[],"class_list":{"0":"post-1942","1":"product","2":"type-product","3":"status-publish","4":"has-post-thumbnail","6":"product_cat-nezaradene","8":"first","9":"instock","10":"sale","11":"shipping-taxable","12":"purchasable","13":"product-type-simple"},"_links":{"self":[{"href":"https:\/\/mossio.sk\/index.php\/wp-json\/wp\/v2\/product\/1942","targetHints":{"allow":["GET"]}}],"collection":[{"href":"https:\/\/mossio.sk\/index.php\/wp-json\/wp\/v2\/product"}],"about":[{"href":"https:\/\/mossio.sk\/index.php\/wp-json\/wp\/v2\/types\/product"}],"replies":[{"embeddable":true,"href":"https:\/\/mossio.sk\/index.php\/wp-json\/wp\/v2\/comments?post=1942"}],"wp:featuredmedia":[{"embeddable":true,"href":"https:\/\/mossio.sk\/index.php\/wp-json\/wp\/v2\/media\/1953"}],"wp:attachment":[{"href":"https:\/\/mossio.sk\/index.php\/wp-json\/wp\/v2\/media?parent=1942"}],"wp:term":[{"taxonomy":"product_brand","embeddable":true,"href":"https:\/\/mossio.sk\/index.php\/wp-json\/wp\/v2\/product_brand?post=1942"},{"taxonomy":"product_cat","embeddable":true,"href":"https:\/\/mossio.sk\/index.php\/wp-json\/wp\/v2\/product_cat?post=1942"},{"taxonomy":"product_tag","embeddable":true,"href":"https:\/\/mossio.sk\/index.php\/wp-json\/wp\/v2\/product_tag?post=1942"}],"curies":[{"name":"wp","href":"https:\/\/api.w.org\/{rel}","templated":true}]}}