{"id":1935,"date":"2026-04-10T17:26:07","date_gmt":"2026-04-10T15:26:07","guid":{"rendered":"https:\/\/mossio.sk\/?post_type=product&#038;p=1935"},"modified":"2026-04-10T17:26:07","modified_gmt":"2026-04-10T15:26:07","slug":"zen-dekoracia","status":"publish","type":"product","link":"https:\/\/mossio.sk\/index.php\/produkt\/zen-dekoracia\/","title":{"rendered":"Zen dekor\u00e1cia"},"content":{"rendered":"","protected":false},"excerpt":{"rendered":"<p data-start=\"175\" data-end=\"522\">Elegantn\u00e1 a nad\u010dasov\u00e1 dekor\u00e1cia, ktor\u00e1 vnesie do v\u00e1\u0161ho interi\u00e9ru k\u00fasok pr\u00edrody. Dominantou je pr\u00edrodn\u00fd kame\u0148 s unik\u00e1tnou kresbou, doplnen\u00fd jemn\u00fdm stabilizovan\u00fdm machom v minimalistickej miske. Ide\u00e1lny doplnok na pracovn\u00fd st\u00f4l, poli\u010dku alebo konferen\u010dn\u00fd stol\u00edk \u2013 vytv\u00e1ra pokojn\u00fa atmosf\u00e9ru a p\u00f4sob\u00ed moderne aj pr\u00edrodne z\u00e1rove\u0148.<\/p>\n<p data-start=\"524\" data-end=\"580\">Ka\u017ed\u00fd kus je origin\u00e1l v\u010faka jedine\u010dnej \u0161trukt\u00fare kame\u0148a.<\/p>\n<p data-start=\"948\" data-end=\"961\"><strong data-start=\"948\" data-end=\"959\">\u00dadr\u017eba:<\/strong><\/p>\n<ul data-start=\"962\" data-end=\"1066\">\n<li data-section-id=\"9sw97f\" data-start=\"962\" data-end=\"980\">bez polievania<\/li>\n<li data-section-id=\"51mf34\" data-start=\"981\" data-end=\"1044\">nevystavova\u0165 priamemu slne\u010dn\u00e9mu \u017eiareniu a vysokej vlhkosti<\/li>\n<li data-section-id=\"13aelt2\" data-start=\"1045\" data-end=\"1066\">sta\u010d\u00ed jemne opr\u00e1\u0161i\u0165<\/li>\n<\/ul>\n","protected":false},"featured_media":1936,"comment_status":"open","ping_status":"closed","template":"","meta":[],"product_brand":[],"product_cat":[15],"product_tag":[],"class_list":{"0":"post-1935","1":"product","2":"type-product","3":"status-publish","4":"has-post-thumbnail","6":"product_cat-nezaradene","8":"first","9":"instock","10":"shipping-taxable","11":"purchasable","12":"product-type-simple"},"_links":{"self":[{"href":"https:\/\/mossio.sk\/index.php\/wp-json\/wp\/v2\/product\/1935","targetHints":{"allow":["GET"]}}],"collection":[{"href":"https:\/\/mossio.sk\/index.php\/wp-json\/wp\/v2\/product"}],"about":[{"href":"https:\/\/mossio.sk\/index.php\/wp-json\/wp\/v2\/types\/product"}],"replies":[{"embeddable":true,"href":"https:\/\/mossio.sk\/index.php\/wp-json\/wp\/v2\/comments?post=1935"}],"wp:featuredmedia":[{"embeddable":true,"href":"https:\/\/mossio.sk\/index.php\/wp-json\/wp\/v2\/media\/1936"}],"wp:attachment":[{"href":"https:\/\/mossio.sk\/index.php\/wp-json\/wp\/v2\/media?parent=1935"}],"wp:term":[{"taxonomy":"product_brand","embeddable":true,"href":"https:\/\/mossio.sk\/index.php\/wp-json\/wp\/v2\/product_brand?post=1935"},{"taxonomy":"product_cat","embeddable":true,"href":"https:\/\/mossio.sk\/index.php\/wp-json\/wp\/v2\/product_cat?post=1935"},{"taxonomy":"product_tag","embeddable":true,"href":"https:\/\/mossio.sk\/index.php\/wp-json\/wp\/v2\/product_tag?post=1935"}],"curies":[{"name":"wp","href":"https:\/\/api.w.org\/{rel}","templated":true}]}}