{"id":1735,"date":"2026-03-26T15:39:24","date_gmt":"2026-03-26T14:39:24","guid":{"rendered":"https:\/\/mossio.sk\/?post_type=product&#038;p=1735"},"modified":"2026-03-26T15:39:24","modified_gmt":"2026-03-26T14:39:24","slug":"strom-zivota","status":"publish","type":"product","link":"https:\/\/mossio.sk\/index.php\/produkt\/strom-zivota\/","title":{"rendered":"Strom \u017eivota"},"content":{"rendered":"","protected":false},"excerpt":{"rendered":"<p data-start=\"120\" data-end=\"478\">Origin\u00e1lny dizajnov\u00fd obraz zo stabilizovan\u00e9ho machu v tvare \u201estromu \u017eivota\u201c, ktor\u00fd symbolizuje rovnov\u00e1hu, silu a spojenie s pr\u00edrodou. Kombin\u00e1cia \u010dierneho r\u00e1mu a s\u00fdto zelen\u00e9ho machu vytv\u00e1ra v\u00fdrazn\u00fd kontrast, v\u010faka \u010domu sa st\u00e1va dominantn\u00fdm prvkom ka\u017ed\u00e9ho interi\u00e9ru \u2013 ide\u00e1lny do ob\u00fdva\u010dky, kancel\u00e1rie alebo modern\u00fdch komer\u010dn\u00fdch priestorov.<\/p>\n<p data-start=\"480\" data-end=\"526\">Obraz je ru\u010dne vyr\u00e1ban\u00fd a ka\u017ed\u00fd kus je unik\u00e1t.<\/p>\n<h3 data-section-id=\"5dhovt\" data-start=\"950\" data-end=\"968\">lastnosti:<\/h3>\n<ul data-start=\"969\" data-end=\"1180\">\n<li data-section-id=\"x7po81\" data-start=\"969\" data-end=\"1019\">Bez\u00fadr\u017ebov\u00fd (nezalieva sa, nepotrebuje svetlo)<\/li>\n<li data-section-id=\"jdh08c\" data-start=\"1020\" data-end=\"1055\">Pohlcuje hluk (akustick\u00fd efekt)<\/li>\n<li data-section-id=\"kf7jnd\" data-start=\"1056\" data-end=\"1092\">Antistatick\u00fd \u2013 nepri\u0165ahuje prach<\/li>\n<li data-section-id=\"ajyljy\" data-start=\"1093\" data-end=\"1155\">Vhodn\u00fd do interi\u00e9ru (nie na priame slnko a vysok\u00fa vlhkos\u0165)<\/li>\n<li data-section-id=\"e6inv1\" data-start=\"1156\" data-end=\"1180\">Jednoduch\u00e9 zavesenie<\/li>\n<\/ul>\n","protected":false},"featured_media":1736,"comment_status":"open","ping_status":"closed","template":"","meta":[],"product_brand":[],"product_cat":[15],"product_tag":[],"class_list":{"0":"post-1735","1":"product","2":"type-product","3":"status-publish","4":"has-post-thumbnail","6":"product_cat-nezaradene","8":"first","9":"onbackorder","10":"sale","11":"shipping-taxable","12":"purchasable","13":"product-type-simple"},"_links":{"self":[{"href":"https:\/\/mossio.sk\/index.php\/wp-json\/wp\/v2\/product\/1735","targetHints":{"allow":["GET"]}}],"collection":[{"href":"https:\/\/mossio.sk\/index.php\/wp-json\/wp\/v2\/product"}],"about":[{"href":"https:\/\/mossio.sk\/index.php\/wp-json\/wp\/v2\/types\/product"}],"replies":[{"embeddable":true,"href":"https:\/\/mossio.sk\/index.php\/wp-json\/wp\/v2\/comments?post=1735"}],"wp:featuredmedia":[{"embeddable":true,"href":"https:\/\/mossio.sk\/index.php\/wp-json\/wp\/v2\/media\/1736"}],"wp:attachment":[{"href":"https:\/\/mossio.sk\/index.php\/wp-json\/wp\/v2\/media?parent=1735"}],"wp:term":[{"taxonomy":"product_brand","embeddable":true,"href":"https:\/\/mossio.sk\/index.php\/wp-json\/wp\/v2\/product_brand?post=1735"},{"taxonomy":"product_cat","embeddable":true,"href":"https:\/\/mossio.sk\/index.php\/wp-json\/wp\/v2\/product_cat?post=1735"},{"taxonomy":"product_tag","embeddable":true,"href":"https:\/\/mossio.sk\/index.php\/wp-json\/wp\/v2\/product_tag?post=1735"}],"curies":[{"name":"wp","href":"https:\/\/api.w.org\/{rel}","templated":true}]}}