{"id":1729,"date":"2026-03-26T15:30:12","date_gmt":"2026-03-26T14:30:12","guid":{"rendered":"https:\/\/mossio.sk\/?post_type=product&#038;p=1729"},"modified":"2026-03-26T15:30:12","modified_gmt":"2026-03-26T14:30:12","slug":"zeleny-panel-s-led-podsvietenim","status":"publish","type":"product","link":"https:\/\/mossio.sk\/index.php\/produkt\/zeleny-panel-s-led-podsvietenim\/","title":{"rendered":"Zelen\u00fd panel s LED podsvieten\u00edm"},"content":{"rendered":"","protected":false},"excerpt":{"rendered":"<p>Modern\u00fd vertik\u00e1lny zelen\u00fd panel, ktor\u00fd prin\u00e1\u0161a do interi\u00e9ru pr\u00edrodn\u00fd vzh\u013ead bez potreby \u00fadr\u017eby. Kombin\u00e1cia realistick\u00fdch umel\u00fdch rastl\u00edn a jemn\u00e9ho LED podsvietenia vytv\u00e1ra elegantn\u00fd dizajnov\u00fd prvok vhodn\u00fd do dom\u00e1cnost\u00ed, kancel\u00e1ri\u00ed, kaviarn\u00ed \u010di recepci\u00ed. Panel p\u00f4sob\u00ed luxusne a z\u00e1rove\u0148 z\u00fatul\u0148uje priestor.<\/p>\n<h3 data-section-id=\"5dhovt\" data-start=\"987\" data-end=\"1005\">Vlastnosti:<\/h3>\n<ul data-start=\"1006\" data-end=\"1200\">\n<li data-section-id=\"1pgntaf\" data-start=\"1006\" data-end=\"1059\">Bez\u00fadr\u017ebov\u00fd (\u017eiadne zalievanie ani starostlivos\u0165)<\/li>\n<li data-section-id=\"hafd0o\" data-start=\"1060\" data-end=\"1090\">Jednoduch\u00e1 mont\u00e1\u017e na stenu<\/li>\n<li data-section-id=\"97edg\" data-start=\"1091\" data-end=\"1129\">Energeticky \u00fasporn\u00e9 LED osvetlenie<\/li>\n<li data-section-id=\"ohjdhu\" data-start=\"1130\" data-end=\"1153\">Vhodn\u00e9 do interi\u00e9ru<\/li>\n<li data-section-id=\"qwppgh\" data-start=\"1154\" data-end=\"1200\">Okam\u017eit\u00fd vizu\u00e1lny efekt \u201e\u017eiv\u00e9ho\u201c priestoru<\/li>\n<\/ul>\n","protected":false},"featured_media":1732,"comment_status":"open","ping_status":"closed","template":"","meta":[],"product_brand":[],"product_cat":[15],"product_tag":[],"class_list":{"0":"post-1729","1":"product","2":"type-product","3":"status-publish","4":"has-post-thumbnail","6":"product_cat-nezaradene","8":"first","9":"onbackorder","10":"sale","11":"shipping-taxable","12":"purchasable","13":"product-type-simple"},"_links":{"self":[{"href":"https:\/\/mossio.sk\/index.php\/wp-json\/wp\/v2\/product\/1729","targetHints":{"allow":["GET"]}}],"collection":[{"href":"https:\/\/mossio.sk\/index.php\/wp-json\/wp\/v2\/product"}],"about":[{"href":"https:\/\/mossio.sk\/index.php\/wp-json\/wp\/v2\/types\/product"}],"replies":[{"embeddable":true,"href":"https:\/\/mossio.sk\/index.php\/wp-json\/wp\/v2\/comments?post=1729"}],"wp:featuredmedia":[{"embeddable":true,"href":"https:\/\/mossio.sk\/index.php\/wp-json\/wp\/v2\/media\/1732"}],"wp:attachment":[{"href":"https:\/\/mossio.sk\/index.php\/wp-json\/wp\/v2\/media?parent=1729"}],"wp:term":[{"taxonomy":"product_brand","embeddable":true,"href":"https:\/\/mossio.sk\/index.php\/wp-json\/wp\/v2\/product_brand?post=1729"},{"taxonomy":"product_cat","embeddable":true,"href":"https:\/\/mossio.sk\/index.php\/wp-json\/wp\/v2\/product_cat?post=1729"},{"taxonomy":"product_tag","embeddable":true,"href":"https:\/\/mossio.sk\/index.php\/wp-json\/wp\/v2\/product_tag?post=1729"}],"curies":[{"name":"wp","href":"https:\/\/api.w.org\/{rel}","templated":true}]}}