{"id":1727,"date":"2026-03-26T14:43:22","date_gmt":"2026-03-26T13:43:22","guid":{"rendered":"https:\/\/mossio.sk\/?post_type=product&#038;p=1727"},"modified":"2026-03-26T14:43:24","modified_gmt":"2026-03-26T13:43:24","slug":"zelena-stena","status":"publish","type":"product","link":"https:\/\/mossio.sk\/index.php\/produkt\/zelena-stena\/","title":{"rendered":"Zelen\u00e1 stena"},"content":{"rendered":"","protected":false},"excerpt":{"rendered":"<p data-start=\"142\" data-end=\"360\">Luxusn\u00fd vertik\u00e1lny machov\u00fd panel, ktor\u00fd premen\u00ed ka\u017ed\u00fa stenu na modern\u00fd pr\u00edrodn\u00fd prvok. Hust\u00fd stabilizovan\u00fd mach vytv\u00e1ra elegantn\u00fa zelen\u00fa plochu s jemnou \u0161trukt\u00farou, ktor\u00e1 p\u00f4sob\u00ed upokojuj\u00faco a z\u00e1rove\u0148 dizajnovo v\u00fdrazne.<\/p>\n<p data-start=\"362\" data-end=\"418\">Ide\u00e1lne rie\u0161enie pre minimalistick\u00e9 a modern\u00e9 interi\u00e9ry.<\/p>\n<h2 data-section-id=\"z43ofe\" data-start=\"868\" data-end=\"884\">Vlastnosti<\/h2>\n<ul data-start=\"885\" data-end=\"1078\">\n<li data-section-id=\"xmjn53\" data-start=\"885\" data-end=\"924\">100 % bez\u00fadr\u017ebov\u00fd (\u017eiadne polievanie)<\/li>\n<li data-section-id=\"wi4qf\" data-start=\"925\" data-end=\"963\">v\u00fdrazn\u00fd dizajnov\u00fd prvok do interi\u00e9ru<\/li>\n<li data-section-id=\"1sca8m3\" data-start=\"964\" data-end=\"997\">zlep\u0161uje akustiku (tlm\u00ed ozvenu)<\/li>\n<li data-section-id=\"knme6t\" data-start=\"998\" data-end=\"1048\">vhodn\u00fd do chodby, ob\u00fdva\u010dky, kancel\u00e1rie, recepcie<\/li>\n<li data-section-id=\"v73nv1\" data-start=\"1049\" data-end=\"1078\">dlh\u00e1 \u017eivotnos\u0165 (5\u201310 rokov)<\/li>\n<\/ul>\n","protected":false},"featured_media":1728,"comment_status":"open","ping_status":"closed","template":"","meta":[],"product_brand":[],"product_cat":[15],"product_tag":[],"class_list":{"0":"post-1727","1":"product","2":"type-product","3":"status-publish","4":"has-post-thumbnail","6":"product_cat-nezaradene","8":"first","9":"onbackorder","10":"sale","11":"shipping-taxable","12":"purchasable","13":"product-type-simple"},"_links":{"self":[{"href":"https:\/\/mossio.sk\/index.php\/wp-json\/wp\/v2\/product\/1727","targetHints":{"allow":["GET"]}}],"collection":[{"href":"https:\/\/mossio.sk\/index.php\/wp-json\/wp\/v2\/product"}],"about":[{"href":"https:\/\/mossio.sk\/index.php\/wp-json\/wp\/v2\/types\/product"}],"replies":[{"embeddable":true,"href":"https:\/\/mossio.sk\/index.php\/wp-json\/wp\/v2\/comments?post=1727"}],"wp:featuredmedia":[{"embeddable":true,"href":"https:\/\/mossio.sk\/index.php\/wp-json\/wp\/v2\/media\/1728"}],"wp:attachment":[{"href":"https:\/\/mossio.sk\/index.php\/wp-json\/wp\/v2\/media?parent=1727"}],"wp:term":[{"taxonomy":"product_brand","embeddable":true,"href":"https:\/\/mossio.sk\/index.php\/wp-json\/wp\/v2\/product_brand?post=1727"},{"taxonomy":"product_cat","embeddable":true,"href":"https:\/\/mossio.sk\/index.php\/wp-json\/wp\/v2\/product_cat?post=1727"},{"taxonomy":"product_tag","embeddable":true,"href":"https:\/\/mossio.sk\/index.php\/wp-json\/wp\/v2\/product_tag?post=1727"}],"curies":[{"name":"wp","href":"https:\/\/api.w.org\/{rel}","templated":true}]}}