{"id":1723,"date":"2026-03-26T14:23:50","date_gmt":"2026-03-26T13:23:50","guid":{"rendered":"https:\/\/mossio.sk\/?post_type=product&#038;p=1723"},"modified":"2026-03-26T14:23:53","modified_gmt":"2026-03-26T13:23:53","slug":"pobrezie-prirody","status":"publish","type":"product","link":"https:\/\/mossio.sk\/index.php\/produkt\/pobrezie-prirody\/","title":{"rendered":"Pobre\u017eie pr\u00edrody"},"content":{"rendered":"","protected":false},"excerpt":{"rendered":"<p data-start=\"147\" data-end=\"392\">Luxusn\u00fd ru\u010dne vyr\u00e1ban\u00fd obraz, ktor\u00fd sp\u00e1ja pr\u00edrodu a modern\u00e9 umenie. Na jednej strane \u017eiv\u00fd zelen\u00fd mach, na druhej realistick\u00e9 morsk\u00e9 vlny vytvoren\u00e9 z epoxidovej \u017eivice. Tento kontrast vytv\u00e1ra unik\u00e1tny 3D efekt, ktor\u00fd okam\u017eite pritiahne pozornos\u0165.<\/p>\n<p data-start=\"394\" data-end=\"456\">Ka\u017ed\u00fd kus je origin\u00e1l \u2013 tvar pobre\u017eia a v\u013an je v\u017edy jedine\u010dn\u00fd.<\/p>\n<h2 data-section-id=\"z43ofe\" data-start=\"892\" data-end=\"908\">Vlastnosti<\/h2>\n<ul data-start=\"909\" data-end=\"1089\">\n<li data-section-id=\"x84qb9\" data-start=\"909\" data-end=\"928\">100 % bez\u00fadr\u017ebov\u00fd<\/li>\n<li data-section-id=\"1a9nknq\" data-start=\"929\" data-end=\"969\">kombin\u00e1cia pr\u00edrody a modern\u00e9ho dizajnu<\/li>\n<li data-section-id=\"p5xqo\" data-start=\"970\" data-end=\"1004\">v\u00fdrazn\u00fd 3D efekt (mach + \u017eivica)<\/li>\n<li data-section-id=\"1sit8g9\" data-start=\"1005\" data-end=\"1035\">luxusn\u00fd doplnok do interi\u00e9ru<\/li>\n<li data-section-id=\"xswxta\" data-start=\"1036\" data-end=\"1089\">vhodn\u00fd do ob\u00fdva\u010dky, kancel\u00e1rie, apartm\u00e1nov, hotelov<\/li>\n<\/ul>\n","protected":false},"featured_media":1724,"comment_status":"open","ping_status":"closed","template":"","meta":[],"product_brand":[],"product_cat":[15],"product_tag":[],"class_list":{"0":"post-1723","1":"product","2":"type-product","3":"status-publish","4":"has-post-thumbnail","6":"product_cat-nezaradene","8":"first","9":"onbackorder","10":"sale","11":"shipping-taxable","12":"purchasable","13":"product-type-simple"},"_links":{"self":[{"href":"https:\/\/mossio.sk\/index.php\/wp-json\/wp\/v2\/product\/1723","targetHints":{"allow":["GET"]}}],"collection":[{"href":"https:\/\/mossio.sk\/index.php\/wp-json\/wp\/v2\/product"}],"about":[{"href":"https:\/\/mossio.sk\/index.php\/wp-json\/wp\/v2\/types\/product"}],"replies":[{"embeddable":true,"href":"https:\/\/mossio.sk\/index.php\/wp-json\/wp\/v2\/comments?post=1723"}],"wp:featuredmedia":[{"embeddable":true,"href":"https:\/\/mossio.sk\/index.php\/wp-json\/wp\/v2\/media\/1724"}],"wp:attachment":[{"href":"https:\/\/mossio.sk\/index.php\/wp-json\/wp\/v2\/media?parent=1723"}],"wp:term":[{"taxonomy":"product_brand","embeddable":true,"href":"https:\/\/mossio.sk\/index.php\/wp-json\/wp\/v2\/product_brand?post=1723"},{"taxonomy":"product_cat","embeddable":true,"href":"https:\/\/mossio.sk\/index.php\/wp-json\/wp\/v2\/product_cat?post=1723"},{"taxonomy":"product_tag","embeddable":true,"href":"https:\/\/mossio.sk\/index.php\/wp-json\/wp\/v2\/product_tag?post=1723"}],"curies":[{"name":"wp","href":"https:\/\/api.w.org\/{rel}","templated":true}]}}