{"id":1717,"date":"2026-03-26T14:00:49","date_gmt":"2026-03-26T13:00:49","guid":{"rendered":"https:\/\/mossio.sk\/?post_type=product&#038;p=1717"},"modified":"2026-03-26T14:00:56","modified_gmt":"2026-03-26T13:00:56","slug":"river-of-life","status":"publish","type":"product","link":"https:\/\/mossio.sk\/index.php\/produkt\/river-of-life\/","title":{"rendered":"River of life"},"content":{"rendered":"","protected":false},"excerpt":{"rendered":"<p data-start=\"148\" data-end=\"388\">Jedine\u010dn\u00fd ru\u010dne vyr\u00e1ban\u00fd machov\u00fd obraz, ktor\u00fd prin\u00e1\u0161a k\u00fasok pr\u00edrody priamo do interi\u00e9ru. Dominantou je realisticky tvarovan\u00e1 \u201erieka\u201c z epoxidovej \u017eivice, ktor\u00e1 kontrastuje s hust\u00fdm stabilizovan\u00fdm machom a vytv\u00e1ra upokojuj\u00faci pr\u00edrodn\u00fd efekt.<\/p>\n<p data-start=\"390\" data-end=\"447\">Ka\u017ed\u00fd kus je origin\u00e1l \u2013 \u017eiadne dva obrazy nie s\u00fa rovnak\u00e9.<\/p>\n<h2 data-section-id=\"z43ofe\" data-start=\"880\" data-end=\"896\">Vlastnosti<\/h2>\n<ul data-start=\"897\" data-end=\"1047\">\n<li data-section-id=\"x84qb9\" data-start=\"897\" data-end=\"916\">100 % bez\u00fadr\u017ebov\u00fd<\/li>\n<li data-section-id=\"1lgv590\" data-start=\"917\" data-end=\"965\">pr\u00edrodn\u00fd dizajn vhodn\u00fd do modern\u00fdch interi\u00e9rov<\/li>\n<li data-section-id=\"rnz65a\" data-start=\"966\" data-end=\"995\">zlep\u0161uje akustiku priestoru<\/li>\n<li data-section-id=\"1tev6fz\" data-start=\"996\" data-end=\"1047\">vhodn\u00fd do ob\u00fdva\u010dky, kancel\u00e1rie, chodby aj hotelov<\/li>\n<\/ul>\n","protected":false},"featured_media":1718,"comment_status":"open","ping_status":"closed","template":"","meta":[],"product_brand":[],"product_cat":[15],"product_tag":[],"class_list":{"0":"post-1717","1":"product","2":"type-product","3":"status-publish","4":"has-post-thumbnail","6":"product_cat-nezaradene","8":"first","9":"onbackorder","10":"sale","11":"shipping-taxable","12":"purchasable","13":"product-type-simple"},"_links":{"self":[{"href":"https:\/\/mossio.sk\/index.php\/wp-json\/wp\/v2\/product\/1717","targetHints":{"allow":["GET"]}}],"collection":[{"href":"https:\/\/mossio.sk\/index.php\/wp-json\/wp\/v2\/product"}],"about":[{"href":"https:\/\/mossio.sk\/index.php\/wp-json\/wp\/v2\/types\/product"}],"replies":[{"embeddable":true,"href":"https:\/\/mossio.sk\/index.php\/wp-json\/wp\/v2\/comments?post=1717"}],"wp:featuredmedia":[{"embeddable":true,"href":"https:\/\/mossio.sk\/index.php\/wp-json\/wp\/v2\/media\/1718"}],"wp:attachment":[{"href":"https:\/\/mossio.sk\/index.php\/wp-json\/wp\/v2\/media?parent=1717"}],"wp:term":[{"taxonomy":"product_brand","embeddable":true,"href":"https:\/\/mossio.sk\/index.php\/wp-json\/wp\/v2\/product_brand?post=1717"},{"taxonomy":"product_cat","embeddable":true,"href":"https:\/\/mossio.sk\/index.php\/wp-json\/wp\/v2\/product_cat?post=1717"},{"taxonomy":"product_tag","embeddable":true,"href":"https:\/\/mossio.sk\/index.php\/wp-json\/wp\/v2\/product_tag?post=1717"}],"curies":[{"name":"wp","href":"https:\/\/api.w.org\/{rel}","templated":true}]}}