{"id":1714,"date":"2026-03-26T13:45:22","date_gmt":"2026-03-26T12:45:22","guid":{"rendered":"https:\/\/mossio.sk\/?post_type=product&#038;p=1714"},"modified":"2026-03-26T14:02:51","modified_gmt":"2026-03-26T13:02:51","slug":"prirodna-vertikalna-dekoracia","status":"publish","type":"product","link":"https:\/\/mossio.sk\/index.php\/produkt\/prirodna-vertikalna-dekoracia\/","title":{"rendered":"Pr\u00edrodn\u00e1 vertik\u00e1lna dekor\u00e1cia"},"content":{"rendered":"","protected":false},"excerpt":{"rendered":"<p data-start=\"254\" data-end=\"479\">Modern\u00fd machov\u00fd obraz predstavuje jedine\u010dn\u00e9 spojenie pr\u00edrody a dizajnu. Ka\u017ed\u00fd kus je ru\u010dne vyr\u00e1ban\u00fd zo stabilizovan\u00e9ho machu, ktor\u00fd si zachov\u00e1va svoju prirodzen\u00fa farbu, m\u00e4kkos\u0165 a svie\u017ei vzh\u013ead po dlh\u00e9 roky bez potreby \u00fadr\u017eby.<\/p>\n<p data-start=\"481\" data-end=\"710\">V\u010faka svojmu pr\u00edrodn\u00e9mu charakteru vytv\u00e1ra obraz pr\u00edjemn\u00fa atmosf\u00e9ru, opticky z\u00fatul\u0148uje priestor a z\u00e1rove\u0148 zlep\u0161uje akustiku miestnosti. Ide\u00e1lne rie\u0161enie pre ob\u00fdva\u010dky, kancel\u00e1rie, recepcie, modern\u00e9 interi\u00e9ry \u010di komer\u010dn\u00e9 priestory.<\/p>\n<p data-start=\"712\" data-end=\"772\">Ka\u017ed\u00fd obraz je origin\u00e1l \u2014 rozlo\u017eenie machu je v\u017edy unik\u00e1tne.<\/p>\n<h3 data-section-id=\"1wyr14i\" data-start=\"1133\" data-end=\"1145\">V\u00fdhody<\/h3>\n<ul data-start=\"1146\" data-end=\"1324\">\n<li data-section-id=\"19c7ek3\" data-start=\"1146\" data-end=\"1173\">bez polievania a \u00fadr\u017eby<\/li>\n<li data-section-id=\"1xo4ce2\" data-start=\"1174\" data-end=\"1195\">nevy\u017eaduje svetlo<\/li>\n<li data-section-id=\"1dwowpy\" data-start=\"1196\" data-end=\"1231\">antistatick\u00fd \u2013 nepohlcuje prach<\/li>\n<li data-section-id=\"b75owu\" data-start=\"1232\" data-end=\"1263\">zlep\u0161uje akustiku priestoru<\/li>\n<li data-section-id=\"17yec9y\" data-start=\"1264\" data-end=\"1296\">dlh\u00e1 \u017eivotnos\u0165 (5\u201310+ rokov)<\/li>\n<li data-section-id=\"1q89eef\" data-start=\"1297\" data-end=\"1324\">pr\u00edrodn\u00fd a luxusn\u00fd vzh\u013ead<\/li>\n<\/ul>\n","protected":false},"featured_media":1715,"comment_status":"open","ping_status":"closed","template":"","meta":[],"product_brand":[],"product_cat":[15],"product_tag":[],"class_list":{"0":"post-1714","1":"product","2":"type-product","3":"status-publish","4":"has-post-thumbnail","6":"product_cat-nezaradene","8":"first","9":"onbackorder","10":"sale","11":"shipping-taxable","12":"purchasable","13":"product-type-simple"},"_links":{"self":[{"href":"https:\/\/mossio.sk\/index.php\/wp-json\/wp\/v2\/product\/1714","targetHints":{"allow":["GET"]}}],"collection":[{"href":"https:\/\/mossio.sk\/index.php\/wp-json\/wp\/v2\/product"}],"about":[{"href":"https:\/\/mossio.sk\/index.php\/wp-json\/wp\/v2\/types\/product"}],"replies":[{"embeddable":true,"href":"https:\/\/mossio.sk\/index.php\/wp-json\/wp\/v2\/comments?post=1714"}],"wp:featuredmedia":[{"embeddable":true,"href":"https:\/\/mossio.sk\/index.php\/wp-json\/wp\/v2\/media\/1715"}],"wp:attachment":[{"href":"https:\/\/mossio.sk\/index.php\/wp-json\/wp\/v2\/media?parent=1714"}],"wp:term":[{"taxonomy":"product_brand","embeddable":true,"href":"https:\/\/mossio.sk\/index.php\/wp-json\/wp\/v2\/product_brand?post=1714"},{"taxonomy":"product_cat","embeddable":true,"href":"https:\/\/mossio.sk\/index.php\/wp-json\/wp\/v2\/product_cat?post=1714"},{"taxonomy":"product_tag","embeddable":true,"href":"https:\/\/mossio.sk\/index.php\/wp-json\/wp\/v2\/product_tag?post=1714"}],"curies":[{"name":"wp","href":"https:\/\/api.w.org\/{rel}","templated":true}]}}