{"id":1712,"date":"2026-03-26T13:29:39","date_gmt":"2026-03-26T12:29:39","guid":{"rendered":"https:\/\/mossio.sk\/?post_type=product&#038;p=1712"},"modified":"2026-03-26T14:01:54","modified_gmt":"2026-03-26T13:01:54","slug":"river-moss","status":"publish","type":"product","link":"https:\/\/mossio.sk\/index.php\/produkt\/river-moss\/","title":{"rendered":"River Moss"},"content":{"rendered":"","protected":false},"excerpt":{"rendered":"<p data-start=\"219\" data-end=\"447\">Modern\u00fd machov\u00fd obraz in\u0161pirovan\u00fd pr\u00edrodnou krajinou, kde sa stabilizovan\u00fd mach sp\u00e1ja s dizajnov\u00fdm prvkom rieky vytvorenej zo \u017eivicov\u00e9ho detailu. Kombin\u00e1cia r\u00f4znych \u0161trukt\u00far machu dod\u00e1va obrazu h\u013abku a prirodzen\u00fd luxusn\u00fd vzh\u013ead.<\/p>\n<p data-start=\"449\" data-end=\"587\">Ka\u017ed\u00fd kus je ru\u010dne vyr\u00e1ban\u00fd origin\u00e1l, ktor\u00fd prin\u00e1\u0161a do interi\u00e9ru pokoj, pr\u00edrodu a jedine\u010dn\u00fd dizajnov\u00fd prvok bez potreby akejko\u013evek \u00fadr\u017eby.<\/p>\n<p data-start=\"589\" data-end=\"600\">Ide\u00e1lny do:<\/p>\n<ul>\n<li data-section-id=\"uneb4g\" data-start=\"601\" data-end=\"611\"><strong>ob\u00fdva\u010dky<\/strong><\/li>\n<li data-section-id=\"1ucfygp\" data-start=\"612\" data-end=\"624\"><strong>kancel\u00e1rie<\/strong><\/li>\n<li data-section-id=\"10kf99i\" data-start=\"625\" data-end=\"635\"><strong>recepcie<\/strong><\/li>\n<li data-section-id=\"dxpuze\" data-start=\"636\" data-end=\"657\"><strong>modern\u00e9ho interi\u00e9ru<\/strong><\/li>\n<li data-section-id=\"17cxv7g\" data-start=\"658\" data-end=\"694\"><strong>showroomu alebo wellness priestoru<\/strong><\/li>\n<\/ul>\n<p><strong>bez \u00fadr\u017eby<\/strong><br data-start=\"944\" data-end=\"947\" \/><strong>\u00a0bez polievania<\/strong><br data-start=\"963\" data-end=\"966\" \/><strong>\u00a0antistatick\u00fd (nepri\u0165ahuje prach)<\/strong><br data-start=\"1000\" data-end=\"1003\" \/><strong>\u00a0\u017eivotnos\u0165 8\u201310 rokov v interi\u00e9ri<\/strong><\/p>\n","protected":false},"featured_media":1713,"comment_status":"open","ping_status":"closed","template":"","meta":[],"product_brand":[],"product_cat":[15],"product_tag":[],"class_list":{"0":"post-1712","1":"product","2":"type-product","3":"status-publish","4":"has-post-thumbnail","6":"product_cat-nezaradene","8":"first","9":"onbackorder","10":"sale","11":"shipping-taxable","12":"purchasable","13":"product-type-simple"},"_links":{"self":[{"href":"https:\/\/mossio.sk\/index.php\/wp-json\/wp\/v2\/product\/1712","targetHints":{"allow":["GET"]}}],"collection":[{"href":"https:\/\/mossio.sk\/index.php\/wp-json\/wp\/v2\/product"}],"about":[{"href":"https:\/\/mossio.sk\/index.php\/wp-json\/wp\/v2\/types\/product"}],"replies":[{"embeddable":true,"href":"https:\/\/mossio.sk\/index.php\/wp-json\/wp\/v2\/comments?post=1712"}],"wp:featuredmedia":[{"embeddable":true,"href":"https:\/\/mossio.sk\/index.php\/wp-json\/wp\/v2\/media\/1713"}],"wp:attachment":[{"href":"https:\/\/mossio.sk\/index.php\/wp-json\/wp\/v2\/media?parent=1712"}],"wp:term":[{"taxonomy":"product_brand","embeddable":true,"href":"https:\/\/mossio.sk\/index.php\/wp-json\/wp\/v2\/product_brand?post=1712"},{"taxonomy":"product_cat","embeddable":true,"href":"https:\/\/mossio.sk\/index.php\/wp-json\/wp\/v2\/product_cat?post=1712"},{"taxonomy":"product_tag","embeddable":true,"href":"https:\/\/mossio.sk\/index.php\/wp-json\/wp\/v2\/product_tag?post=1712"}],"curies":[{"name":"wp","href":"https:\/\/api.w.org\/{rel}","templated":true}]}}