{"id":1320,"date":"2026-03-14T00:38:34","date_gmt":"2026-03-13T23:38:34","guid":{"rendered":"https:\/\/mossio.sk\/?post_type=product&#038;p=1320"},"modified":"2026-03-14T00:38:34","modified_gmt":"2026-03-13T23:38:34","slug":"zen-forest-clock","status":"publish","type":"product","link":"https:\/\/mossio.sk\/index.php\/produkt\/zen-forest-clock\/","title":{"rendered":"Zen Forest Clock"},"content":{"rendered":"","protected":false},"excerpt":{"rendered":"<h2 data-section-id=\"1gp67u\" data-start=\"237\" data-end=\"300\">Dizajnov\u00e9 n\u00e1stenn\u00e9 hodiny z dreva a stabilizovan\u00e9ho machu<\/h2>\n<p data-start=\"302\" data-end=\"609\">Origin\u00e1lne ru\u010dne vyr\u00e1ban\u00e9 n\u00e1stenn\u00e9 hodiny, ktor\u00e9 sp\u00e1jaj\u00fa pr\u00edrodn\u00e9 drevo a stabilizovan\u00fd dekorat\u00edvny mach. Ka\u017ed\u00fd kus je unik\u00e1t v\u010faka prirodzenej kresbe dreva a ru\u010dn\u00e9mu spracovaniu. Hodiny vytv\u00e1raj\u00fa jedine\u010dn\u00fd pr\u00edrodn\u00fd prvok v interi\u00e9ri a z\u00e1rove\u0148 sl\u00fa\u017eia ako \u0161t\u00fdlov\u00e1 dekor\u00e1cia do ob\u00fdva\u010dky, kancel\u00e1rie \u010di sp\u00e1lne.<\/p>\n<h3 data-section-id=\"x19v0d\" data-start=\"611\" data-end=\"627\">Vlastnosti<\/h3>\n<ul data-start=\"628\" data-end=\"979\">\n<li data-section-id=\"1ghswnx\" data-start=\"628\" data-end=\"668\">\n<p data-start=\"630\" data-end=\"668\">ru\u010dn\u00e1 v\u00fdroba \u2013 ka\u017ed\u00fd kus je origin\u00e1l<\/p>\n<\/li>\n<li data-section-id=\"15sevsp\" data-start=\"669\" data-end=\"738\">\n<p data-start=\"671\" data-end=\"738\">kombin\u00e1cia mas\u00edvneho dreva, kovov\u00e9ho r\u00e1mu a stabilizovan\u00e9ho machu<\/p>\n<\/li>\n<li data-section-id=\"1c472bl\" data-start=\"739\" data-end=\"783\">\n<p data-start=\"741\" data-end=\"783\">modern\u00fd minimalistick\u00fd dizajn bez \u010d\u00edslic<\/p>\n<\/li>\n<li data-section-id=\"7tjoha\" data-start=\"784\" data-end=\"828\">\n<p data-start=\"786\" data-end=\"828\">tich\u00fd quartzov\u00fd mechanizmus (bez tikotu)<\/p>\n<\/li>\n<li data-section-id=\"12dy79m\" data-start=\"829\" data-end=\"929\">\n<p data-start=\"831\" data-end=\"929\">stabilizovan\u00fd mach nevy\u017eaduje \u017eiadnu \u00fadr\u017ebu ani zalievanie<\/p>\n<\/li>\n<li data-section-id=\"xeaff\" data-start=\"930\" data-end=\"979\">\n<p data-start=\"932\" data-end=\"979\">vhodn\u00e9 do modern\u00e9ho aj rustik\u00e1lneho interi\u00e9ru<\/p>\n<\/li>\n<\/ul>\n","protected":false},"featured_media":1312,"comment_status":"open","ping_status":"closed","template":"","meta":[],"product_brand":[],"product_cat":[15],"product_tag":[],"class_list":{"0":"post-1320","1":"product","2":"type-product","3":"status-publish","4":"has-post-thumbnail","6":"product_cat-nezaradene","8":"first","9":"onbackorder","10":"shipping-taxable","11":"purchasable","12":"product-type-simple"},"_links":{"self":[{"href":"https:\/\/mossio.sk\/index.php\/wp-json\/wp\/v2\/product\/1320","targetHints":{"allow":["GET"]}}],"collection":[{"href":"https:\/\/mossio.sk\/index.php\/wp-json\/wp\/v2\/product"}],"about":[{"href":"https:\/\/mossio.sk\/index.php\/wp-json\/wp\/v2\/types\/product"}],"replies":[{"embeddable":true,"href":"https:\/\/mossio.sk\/index.php\/wp-json\/wp\/v2\/comments?post=1320"}],"wp:featuredmedia":[{"embeddable":true,"href":"https:\/\/mossio.sk\/index.php\/wp-json\/wp\/v2\/media\/1312"}],"wp:attachment":[{"href":"https:\/\/mossio.sk\/index.php\/wp-json\/wp\/v2\/media?parent=1320"}],"wp:term":[{"taxonomy":"product_brand","embeddable":true,"href":"https:\/\/mossio.sk\/index.php\/wp-json\/wp\/v2\/product_brand?post=1320"},{"taxonomy":"product_cat","embeddable":true,"href":"https:\/\/mossio.sk\/index.php\/wp-json\/wp\/v2\/product_cat?post=1320"},{"taxonomy":"product_tag","embeddable":true,"href":"https:\/\/mossio.sk\/index.php\/wp-json\/wp\/v2\/product_tag?post=1320"}],"curies":[{"name":"wp","href":"https:\/\/api.w.org\/{rel}","templated":true}]}}