{"id":1317,"date":"2026-03-14T00:29:31","date_gmt":"2026-03-13T23:29:31","guid":{"rendered":"https:\/\/mossio.sk\/?post_type=product&#038;p=1317"},"modified":"2026-03-14T00:30:14","modified_gmt":"2026-03-13T23:30:14","slug":"green-time","status":"publish","type":"product","link":"https:\/\/mossio.sk\/index.php\/produkt\/green-time\/","title":{"rendered":"Green Time"},"content":{"rendered":"","protected":false},"excerpt":{"rendered":"<p data-start=\"548\" data-end=\"801\">Prineste do svojho interi\u00e9ru k\u00fasok pr\u00edrody s unik\u00e1tnymi hodinami <strong data-start=\"613\" data-end=\"643\">Green Time Clock<\/strong>. Tento dizajnov\u00fd k\u00fasok kombinuje autentick\u00e9 pr\u00edrodn\u00e9 drevo s jemn\u00fdm stabilizovan\u00fdm machom, ktor\u00fd si zachov\u00e1va svoju farbu a svie\u017ei vzh\u013ead bez potreby \u00fadr\u017eby.<\/p>\n<p data-start=\"803\" data-end=\"1042\">Ka\u017ed\u00e9 hodiny s\u00fa <strong data-start=\"819\" data-end=\"831\">origin\u00e1l<\/strong>, preto\u017ee kresba dreva je v\u017edy jedine\u010dn\u00e1. Kombin\u00e1cia zelen\u00e9ho machu, pr\u00edrodn\u00fdch \u0161i\u0161iek a mas\u00edvneho dreva vytv\u00e1ra harmonick\u00fd pr\u00edrodn\u00fd dizajn, ktor\u00fd sa hod\u00ed do modern\u00fdch, \u0161kandin\u00e1vskych aj rustik\u00e1lnych interi\u00e9rov.<\/p>\n<p data-start=\"1044\" data-end=\"1235\">V\u010faka <strong data-start=\"1050\" data-end=\"1084\">tich\u00e9mu quartzov\u00e9mu mechanizmu<\/strong> s\u00fa ide\u00e1lne do ob\u00fdva\u010dky, kancel\u00e1rie alebo sp\u00e1lne. Stabilizovan\u00fd mach navy\u0161e pom\u00e1ha zlep\u0161ova\u0165 akustiku priestoru a dod\u00e1va miestnosti pr\u00edjemn\u00fa atmosf\u00e9ru.<\/p>\n<ul>\n<li data-start=\"1237\" data-end=\"1383\">100 % pr\u00edrodn\u00e9 materi\u00e1ly<\/li>\n<li data-start=\"1237\" data-end=\"1383\">bez\u00fadr\u017ebov\u00fd stabilizovan\u00fd mach<\/li>\n<li data-start=\"1237\" data-end=\"1383\">ka\u017ed\u00fd kus je origin\u00e1l<\/li>\n<li data-start=\"1237\" data-end=\"1383\">tich\u00fd hodinov\u00fd mechanizmus<\/li>\n<li data-start=\"1237\" data-end=\"1383\">modern\u00fd pr\u00edrodn\u00fd dizajn<\/li>\n<\/ul>\n<p data-start=\"1385\" data-end=\"1436\">Perfektn\u00fd doplnok pre milovn\u00edkov pr\u00edrody a dizajnu.<\/p>\n","protected":false},"featured_media":1313,"comment_status":"open","ping_status":"closed","template":"","meta":[],"product_brand":[],"product_cat":[15],"product_tag":[],"class_list":{"0":"post-1317","1":"product","2":"type-product","3":"status-publish","4":"has-post-thumbnail","6":"product_cat-nezaradene","8":"first","9":"onbackorder","10":"shipping-taxable","11":"purchasable","12":"product-type-simple"},"_links":{"self":[{"href":"https:\/\/mossio.sk\/index.php\/wp-json\/wp\/v2\/product\/1317","targetHints":{"allow":["GET"]}}],"collection":[{"href":"https:\/\/mossio.sk\/index.php\/wp-json\/wp\/v2\/product"}],"about":[{"href":"https:\/\/mossio.sk\/index.php\/wp-json\/wp\/v2\/types\/product"}],"replies":[{"embeddable":true,"href":"https:\/\/mossio.sk\/index.php\/wp-json\/wp\/v2\/comments?post=1317"}],"wp:featuredmedia":[{"embeddable":true,"href":"https:\/\/mossio.sk\/index.php\/wp-json\/wp\/v2\/media\/1313"}],"wp:attachment":[{"href":"https:\/\/mossio.sk\/index.php\/wp-json\/wp\/v2\/media?parent=1317"}],"wp:term":[{"taxonomy":"product_brand","embeddable":true,"href":"https:\/\/mossio.sk\/index.php\/wp-json\/wp\/v2\/product_brand?post=1317"},{"taxonomy":"product_cat","embeddable":true,"href":"https:\/\/mossio.sk\/index.php\/wp-json\/wp\/v2\/product_cat?post=1317"},{"taxonomy":"product_tag","embeddable":true,"href":"https:\/\/mossio.sk\/index.php\/wp-json\/wp\/v2\/product_tag?post=1317"}],"curies":[{"name":"wp","href":"https:\/\/api.w.org\/{rel}","templated":true}]}}