{"id":1305,"date":"2026-03-13T23:16:21","date_gmt":"2026-03-13T22:16:21","guid":{"rendered":"https:\/\/mossio.sk\/?post_type=product&#038;p=1305"},"modified":"2026-03-13T23:26:04","modified_gmt":"2026-03-13T22:26:04","slug":"ecoedge-clock","status":"publish","type":"product","link":"https:\/\/mossio.sk\/index.php\/produkt\/ecoedge-clock\/","title":{"rendered":"EcoEdge Clock"},"content":{"rendered":"","protected":false},"excerpt":{"rendered":"<h3 data-section-id=\"2ri4ck\" data-start=\"110\" data-end=\"163\">Dreven\u00e9 n\u00e1stenn\u00e9 hodiny s machom \u2013 EcoEdge Clock<\/h3>\n<p data-start=\"165\" data-end=\"436\">\u0160t\u00fdlov\u00e9 n\u00e1stenn\u00e9 hodiny vyroben\u00e9 z pr\u00edrodn\u00e9ho mas\u00edvneho dreva doplnen\u00e9 o dekorat\u00edvny stabilizovan\u00fd mach. Kombin\u00e1cia tepl\u00e9ho odtie\u0148a dreva, pr\u00edrodnej text\u00fary k\u00f4ry a s\u00fdto zelen\u00e9ho machu vytv\u00e1ra jedine\u010dn\u00fd dizajnov\u00fd prvok, ktor\u00fd o\u017eiv\u00ed ka\u017ed\u00fa chodbu, ob\u00fdva\u010dku alebo kancel\u00e1riu.<\/p>\n<p data-start=\"438\" data-end=\"638\">Ka\u017ed\u00fd kus je origin\u00e1l, preto\u017ee kresba dreva a tvar pr\u00edrodnej hrany s\u00fa v\u017edy jedine\u010dn\u00e9. Modern\u00fd kovov\u00fd r\u00e1m dod\u00e1va hodin\u00e1m minimalistick\u00fd vzh\u013ead a z\u00e1rove\u0148 zv\u00fdraz\u0148uje kontrast medzi pr\u00edrodn\u00fdmi materi\u00e1lmi.<\/p>\n<p data-start=\"640\" data-end=\"740\">Stabilizovan\u00fd mach je bez\u00fadr\u017ebov\u00fd \u2013 nepotrebuje vodu ani svetlo a dlhodobo si zachov\u00e1va svoju farbu.<\/p>\n<p data-start=\"742\" data-end=\"834\">Tieto hodiny s\u00fa ide\u00e1lnym doplnkom pre milovn\u00edkov pr\u00edrody, modern\u00e9ho dizajnu a ru\u010dnej v\u00fdroby.<\/p>\n<ul>\n<li data-section-id=\"1b6qli0\" data-start=\"1004\" data-end=\"1020\">\n<p data-start=\"1006\" data-end=\"1020\">ru\u010dn\u00e1 v\u00fdroba<\/p>\n<\/li>\n<li data-section-id=\"1ma2loe\" data-start=\"1021\" data-end=\"1046\">\n<p data-start=\"1023\" data-end=\"1046\">ka\u017ed\u00fd kus je origin\u00e1l<\/p>\n<\/li>\n<li data-section-id=\"wunqk\" data-start=\"1047\" data-end=\"1089\">\n<p data-start=\"1049\" data-end=\"1089\">tich\u00fd hodinov\u00fd stroj\u010dek (silent sweep)<\/p>\n<\/li>\n<li data-section-id=\"39ju17\" data-start=\"1090\" data-end=\"1112\">\n<p data-start=\"1092\" data-end=\"1112\">pr\u00edrodn\u00e9 materi\u00e1ly<\/p>\n<\/li>\n<li data-section-id=\"yzsn24\" data-start=\"1113\" data-end=\"1142\">\n<p data-start=\"1115\" data-end=\"1142\">modern\u00fd a pr\u00edrodn\u00fd dizajn<\/p>\n<\/li>\n<\/ul>\n","protected":false},"featured_media":1300,"comment_status":"open","ping_status":"closed","template":"","meta":[],"product_brand":[],"product_cat":[15],"product_tag":[],"class_list":{"0":"post-1305","1":"product","2":"type-product","3":"status-publish","4":"has-post-thumbnail","6":"product_cat-nezaradene","8":"first","9":"onbackorder","10":"sale","11":"shipping-taxable","12":"purchasable","13":"product-type-simple"},"_links":{"self":[{"href":"https:\/\/mossio.sk\/index.php\/wp-json\/wp\/v2\/product\/1305","targetHints":{"allow":["GET"]}}],"collection":[{"href":"https:\/\/mossio.sk\/index.php\/wp-json\/wp\/v2\/product"}],"about":[{"href":"https:\/\/mossio.sk\/index.php\/wp-json\/wp\/v2\/types\/product"}],"replies":[{"embeddable":true,"href":"https:\/\/mossio.sk\/index.php\/wp-json\/wp\/v2\/comments?post=1305"}],"wp:featuredmedia":[{"embeddable":true,"href":"https:\/\/mossio.sk\/index.php\/wp-json\/wp\/v2\/media\/1300"}],"wp:attachment":[{"href":"https:\/\/mossio.sk\/index.php\/wp-json\/wp\/v2\/media?parent=1305"}],"wp:term":[{"taxonomy":"product_brand","embeddable":true,"href":"https:\/\/mossio.sk\/index.php\/wp-json\/wp\/v2\/product_brand?post=1305"},{"taxonomy":"product_cat","embeddable":true,"href":"https:\/\/mossio.sk\/index.php\/wp-json\/wp\/v2\/product_cat?post=1305"},{"taxonomy":"product_tag","embeddable":true,"href":"https:\/\/mossio.sk\/index.php\/wp-json\/wp\/v2\/product_tag?post=1305"}],"curies":[{"name":"wp","href":"https:\/\/api.w.org\/{rel}","templated":true}]}}