{"id":1283,"date":"2026-03-13T21:13:03","date_gmt":"2026-03-13T20:13:03","guid":{"rendered":"https:\/\/mossio.sk\/?post_type=product&#038;p=1283"},"modified":"2026-03-14T00:08:22","modified_gmt":"2026-03-13T23:08:22","slug":"eco-harmony-clock","status":"publish","type":"product","link":"https:\/\/mossio.sk\/index.php\/produkt\/eco-harmony-clock\/","title":{"rendered":"Eco Harmony Clock"},"content":{"rendered":"","protected":false},"excerpt":{"rendered":"<p data-start=\"0\" data-end=\"46\"><strong data-start=\"0\" data-end=\"46\">Dizajnov\u00e9 dreven\u00e9 n\u00e1stenn\u00e9 hodiny s machom<\/strong><\/p>\n<p data-start=\"48\" data-end=\"341\">Tieto \u0161t\u00fdlov\u00e9 n\u00e1stenn\u00e9 hodiny s\u00fa jedine\u010dn\u00fdm spojen\u00edm pr\u00edrodn\u00e9ho dreva, modern\u00e9ho kovov\u00e9ho dizajnu a dekorat\u00edvneho stabilizovan\u00e9ho machu. V\u010faka minimalistick\u00e9mu vzh\u013eadu a prirodzenej kresbe dreva sa hodiny stan\u00fa elegantn\u00fdm doplnkom ka\u017ed\u00e9ho interi\u00e9ru \u2013 \u010di u\u017e v chodbe, ob\u00fdva\u010dke alebo kancel\u00e1rii.<\/p>\n<p data-start=\"343\" data-end=\"585\">Mas\u00edvne drevo dod\u00e1va hodin\u00e1m tepl\u00fd a prirodzen\u00fd charakter, zatia\u013e \u010do zelen\u00fd mach vytv\u00e1ra svie\u017ei kontrast a prin\u00e1\u0161a do priestoru n\u00e1dych pr\u00edrody. Stabilizovan\u00fd mach si zachov\u00e1va svoju farbu a vzh\u013ead dlhodobo bez potreby polievania alebo \u00fadr\u017eby.<\/p>\n<p data-start=\"587\" data-end=\"784\">\u010cierny kovov\u00fd r\u00e1m a v\u00fdrazn\u00e9 \u010d\u00edslice dod\u00e1vaj\u00fa hodin\u00e1m modern\u00fd vzh\u013ead a z\u00e1rove\u0148 zabezpe\u010duj\u00fa dobr\u00fa \u010ditate\u013enos\u0165 \u010dasu. Tich\u00fd hodinov\u00fd mechanizmus zaru\u010duje, \u017ee hodiny nebud\u00fa ru\u0161i\u0165 ani v tichom prostred\u00ed.<\/p>\n<p data-start=\"786\" data-end=\"810\"><strong data-start=\"786\" data-end=\"810\">Vlastnosti produktu:<\/strong><\/p>\n<ul data-start=\"811\" data-end=\"997\">\n<li data-section-id=\"14giem2\" data-start=\"811\" data-end=\"851\">\n<p data-start=\"813\" data-end=\"851\">pr\u00edrodn\u00e9 drevo s origin\u00e1lnou kresbou<\/p>\n<\/li>\n<li data-section-id=\"1uoh3jg\" data-start=\"852\" data-end=\"897\">\n<p data-start=\"854\" data-end=\"897\">dekorat\u00edvny stabilizovan\u00fd mach bez \u00fadr\u017eby<\/p>\n<\/li>\n<li data-section-id=\"ieta6r\" data-start=\"898\" data-end=\"930\">\n<p data-start=\"900\" data-end=\"930\">modern\u00fd kovov\u00fd r\u00e1m a \u010d\u00edslice<\/p>\n<\/li>\n<li data-section-id=\"jffmrb\" data-start=\"931\" data-end=\"961\">\n<p data-start=\"933\" data-end=\"961\">tich\u00fd hodinov\u00fd mechanizmus<\/p>\n<\/li>\n<li data-section-id=\"of17gp\" data-start=\"962\" data-end=\"997\">\n<p data-start=\"964\" data-end=\"997\">ka\u017ed\u00fd kus je jedine\u010dn\u00fd origin\u00e1l<\/p>\n<\/li>\n<\/ul>\n<p data-start=\"999\" data-end=\"1142\">Tieto hodiny nie s\u00fa len praktick\u00fdm doplnkom, ale aj dizajnov\u00fdm prvkom, ktor\u00fd do v\u00e1\u0161ho domova prinesie harm\u00f3niu pr\u00edrody a modern\u00e9ho \u0161t\u00fdlu.<\/p>\n","protected":false},"featured_media":1285,"comment_status":"open","ping_status":"closed","template":"","meta":[],"product_brand":[],"product_cat":[15],"product_tag":[],"class_list":{"0":"post-1283","1":"product","2":"type-product","3":"status-publish","4":"has-post-thumbnail","6":"product_cat-nezaradene","8":"first","9":"instock","10":"sale","11":"shipping-taxable","12":"purchasable","13":"product-type-simple"},"_links":{"self":[{"href":"https:\/\/mossio.sk\/index.php\/wp-json\/wp\/v2\/product\/1283","targetHints":{"allow":["GET"]}}],"collection":[{"href":"https:\/\/mossio.sk\/index.php\/wp-json\/wp\/v2\/product"}],"about":[{"href":"https:\/\/mossio.sk\/index.php\/wp-json\/wp\/v2\/types\/product"}],"replies":[{"embeddable":true,"href":"https:\/\/mossio.sk\/index.php\/wp-json\/wp\/v2\/comments?post=1283"}],"wp:featuredmedia":[{"embeddable":true,"href":"https:\/\/mossio.sk\/index.php\/wp-json\/wp\/v2\/media\/1285"}],"wp:attachment":[{"href":"https:\/\/mossio.sk\/index.php\/wp-json\/wp\/v2\/media?parent=1283"}],"wp:term":[{"taxonomy":"product_brand","embeddable":true,"href":"https:\/\/mossio.sk\/index.php\/wp-json\/wp\/v2\/product_brand?post=1283"},{"taxonomy":"product_cat","embeddable":true,"href":"https:\/\/mossio.sk\/index.php\/wp-json\/wp\/v2\/product_cat?post=1283"},{"taxonomy":"product_tag","embeddable":true,"href":"https:\/\/mossio.sk\/index.php\/wp-json\/wp\/v2\/product_tag?post=1283"}],"curies":[{"name":"wp","href":"https:\/\/api.w.org\/{rel}","templated":true}]}}