{"id":1276,"date":"2026-03-13T20:56:29","date_gmt":"2026-03-13T19:56:29","guid":{"rendered":"https:\/\/mossio.sk\/?post_type=product&#038;p=1276"},"modified":"2026-03-14T00:22:10","modified_gmt":"2026-03-13T23:22:10","slug":"forest-wave","status":"publish","type":"product","link":"https:\/\/mossio.sk\/index.php\/produkt\/forest-wave\/","title":{"rendered":"Forest Wave"},"content":{"rendered":"","protected":false},"excerpt":{"rendered":"<p data-start=\"0\" data-end=\"72\"><strong data-start=\"0\" data-end=\"72\">Dizajnov\u00e9 n\u00e1stenn\u00e9 hodiny z pr\u00edrodn\u00e9ho dreva a stabilizovan\u00e9ho machu<\/strong><\/p>\n<p data-start=\"74\" data-end=\"345\">Tieto origin\u00e1lne n\u00e1stenn\u00e9 hodiny s\u00fa jedine\u010dn\u00fdm spojen\u00edm pr\u00edrody, remeselnej pr\u00e1ce a modern\u00e9ho dizajnu. Ka\u017ed\u00fd kus je vyroben\u00fd z mas\u00edvneho pr\u00edrodn\u00e9ho dreva s v\u00fdraznou kresbou, ktor\u00e1 spolu so stabilizovan\u00fdm machom vytv\u00e1ra p\u00f4sobiv\u00fd pr\u00edrodn\u00fd mot\u00edv pripom\u00ednaj\u00faci lesn\u00fa krajinu.<\/p>\n<p data-start=\"347\" data-end=\"598\">Zelen\u00fd mach dod\u00e1va hodin\u00e1m \u017eiv\u00fd a svie\u017ei vzh\u013ead, pri\u010dom nevy\u017eaduje \u017eiadnu \u00fadr\u017ebu ani polievanie. Kontrast medzi tepl\u00fdm t\u00f3nom dreva a s\u00fdtozelenou farbou machu rob\u00ed z t\u00fdchto hod\u00edn v\u00fdrazn\u00fd dekorat\u00edvny prvok do ob\u00fdva\u010dky, kancel\u00e1rie \u010di modern\u00e9ho interi\u00e9ru.<\/p>\n<p data-start=\"600\" data-end=\"721\">Minimalistick\u00e9 \u010dierne ru\u010di\u010dky a r\u00e1m pod\u010diarkuj\u00fa prirodzen\u00fa kr\u00e1su materi\u00e1lov a z\u00e1rove\u0148 zabezpe\u010duj\u00fa dobr\u00fa \u010ditate\u013enos\u0165 \u010dasu.<\/p>\n<p data-start=\"723\" data-end=\"747\"><strong data-start=\"723\" data-end=\"747\">Vlastnosti produktu:<\/strong><\/p>\n<ul data-start=\"748\" data-end=\"929\">\n<li data-section-id=\"1n7d28w\" data-start=\"748\" data-end=\"794\">\n<p data-start=\"750\" data-end=\"794\">pr\u00edrodn\u00e9 mas\u00edvne drevo s unik\u00e1tnou kresbou<\/p>\n<\/li>\n<li data-section-id=\"1r7alyl\" data-start=\"795\" data-end=\"842\">\n<p data-start=\"797\" data-end=\"842\">stabilizovan\u00fd dekorat\u00edvny mach (bez \u00fadr\u017eby)<\/p>\n<\/li>\n<li data-section-id=\"jffmrb\" data-start=\"843\" data-end=\"873\">\n<p data-start=\"845\" data-end=\"873\">tich\u00fd hodinov\u00fd mechanizmus<\/p>\n<\/li>\n<li data-section-id=\"1rk2k12\" data-start=\"874\" data-end=\"903\">\n<p data-start=\"876\" data-end=\"903\">modern\u00fd \u010dierny kovov\u00fd r\u00e1m<\/p>\n<\/li>\n<li data-section-id=\"1ma2loe\" data-start=\"904\" data-end=\"929\">\n<p data-start=\"906\" data-end=\"929\">ka\u017ed\u00fd kus je origin\u00e1l<\/p>\n<\/li>\n<\/ul>\n<p data-start=\"931\" data-end=\"1071\">Tieto hodiny nie s\u00fa len praktick\u00fdm doplnkom, ale aj umeleck\u00fdm dielom, ktor\u00e9 prinesie do v\u00e1\u0161ho priestoru k\u00fasok pr\u00edrody a jedine\u010dn\u00fd charakter.<\/p>\n","protected":false},"featured_media":1278,"comment_status":"open","ping_status":"closed","template":"","meta":[],"product_brand":[],"product_cat":[15],"product_tag":[],"class_list":{"0":"post-1276","1":"product","2":"type-product","3":"status-publish","4":"has-post-thumbnail","6":"product_cat-nezaradene","8":"first","9":"onbackorder","10":"sale","11":"shipping-taxable","12":"purchasable","13":"product-type-simple"},"_links":{"self":[{"href":"https:\/\/mossio.sk\/index.php\/wp-json\/wp\/v2\/product\/1276","targetHints":{"allow":["GET"]}}],"collection":[{"href":"https:\/\/mossio.sk\/index.php\/wp-json\/wp\/v2\/product"}],"about":[{"href":"https:\/\/mossio.sk\/index.php\/wp-json\/wp\/v2\/types\/product"}],"replies":[{"embeddable":true,"href":"https:\/\/mossio.sk\/index.php\/wp-json\/wp\/v2\/comments?post=1276"}],"wp:featuredmedia":[{"embeddable":true,"href":"https:\/\/mossio.sk\/index.php\/wp-json\/wp\/v2\/media\/1278"}],"wp:attachment":[{"href":"https:\/\/mossio.sk\/index.php\/wp-json\/wp\/v2\/media?parent=1276"}],"wp:term":[{"taxonomy":"product_brand","embeddable":true,"href":"https:\/\/mossio.sk\/index.php\/wp-json\/wp\/v2\/product_brand?post=1276"},{"taxonomy":"product_cat","embeddable":true,"href":"https:\/\/mossio.sk\/index.php\/wp-json\/wp\/v2\/product_cat?post=1276"},{"taxonomy":"product_tag","embeddable":true,"href":"https:\/\/mossio.sk\/index.php\/wp-json\/wp\/v2\/product_tag?post=1276"}],"curies":[{"name":"wp","href":"https:\/\/api.w.org\/{rel}","templated":true}]}}