{"id":1270,"date":"2026-03-13T20:06:25","date_gmt":"2026-03-13T19:06:25","guid":{"rendered":"https:\/\/mossio.sk\/?post_type=product&#038;p=1270"},"modified":"2026-03-13T20:08:09","modified_gmt":"2026-03-13T19:08:09","slug":"green-oasis","status":"publish","type":"product","link":"https:\/\/mossio.sk\/index.php\/produkt\/green-oasis\/","title":{"rendered":"Green Oasis"},"content":{"rendered":"","protected":false},"excerpt":{"rendered":"<p data-start=\"168\" data-end=\"388\">Pr\u00edrodn\u00fd machov\u00fd obraz prin\u00e1\u0161a do interi\u00e9ru k\u00fasok pr\u00edrody a harm\u00f3nie. Kombin\u00e1cia s\u00fdtozelen\u00e9ho stabilizovan\u00e9ho machu a dekorat\u00edvnych kamienkov vytv\u00e1ra jedine\u010dn\u00fd dizajn, ktor\u00fd pripom\u00edna chodn\u00ed\u010dky v pr\u00edrode.<\/p>\n<p data-start=\"390\" data-end=\"636\">Obraz je ru\u010dne vyr\u00e1ban\u00fd a ka\u017ed\u00fd kus je origin\u00e1l. Stabilizovan\u00fd mach si zachov\u00e1va svoju farbu a \u0161trukt\u00faru dlh\u00e9 roky bez potreby zalievania \u010di \u0161peci\u00e1lnej starostlivosti. Sta\u010d\u00ed ho umiestni\u0165 na stenu a u\u017e\u00edva\u0165 si pr\u00edrodn\u00fa atmosf\u00e9ru vo va\u0161om priestore.<\/p>\n<p data-start=\"638\" data-end=\"659\">Perfektne sa hod\u00ed do:<\/p>\n<ul data-start=\"660\" data-end=\"751\">\n<li data-section-id=\"1sa0rtc\" data-start=\"660\" data-end=\"672\">\n<p data-start=\"662\" data-end=\"672\">ob\u00fdva\u010dky<\/p>\n<\/li>\n<li data-section-id=\"bz5qyh\" data-start=\"673\" data-end=\"687\">\n<p data-start=\"675\" data-end=\"687\">kancel\u00e1rie<\/p>\n<\/li>\n<li data-section-id=\"ds5gj7\" data-start=\"688\" data-end=\"698\">\n<p data-start=\"690\" data-end=\"698\">chodby<\/p>\n<\/li>\n<li data-section-id=\"15pb70u\" data-start=\"699\" data-end=\"723\">\n<p data-start=\"701\" data-end=\"723\">modern\u00fdch interi\u00e9rov<\/p>\n<\/li>\n<li data-section-id=\"zfbfte\" data-start=\"724\" data-end=\"751\">\n<p data-start=\"726\" data-end=\"751\">wellness alebo recepci\u00ed<\/p>\n<\/li>\n<\/ul>\n<p data-start=\"753\" data-end=\"851\">Machov\u00fd obraz je nielen dekor\u00e1ciou, ale aj pr\u00edjemn\u00fdm pr\u00edrodn\u00fdm prvkom, ktor\u00fd o\u017eiv\u00ed ka\u017ed\u00fd interi\u00e9r.<\/p>\n","protected":false},"featured_media":1273,"comment_status":"open","ping_status":"closed","template":"","meta":[],"product_brand":[],"product_cat":[15],"product_tag":[],"class_list":{"0":"post-1270","1":"product","2":"type-product","3":"status-publish","4":"has-post-thumbnail","6":"product_cat-nezaradene","8":"first","9":"instock","10":"sale","11":"shipping-taxable","12":"purchasable","13":"product-type-simple","14":"wpzoom-wc-spi-has-enabled"},"_links":{"self":[{"href":"https:\/\/mossio.sk\/index.php\/wp-json\/wp\/v2\/product\/1270","targetHints":{"allow":["GET"]}}],"collection":[{"href":"https:\/\/mossio.sk\/index.php\/wp-json\/wp\/v2\/product"}],"about":[{"href":"https:\/\/mossio.sk\/index.php\/wp-json\/wp\/v2\/types\/product"}],"replies":[{"embeddable":true,"href":"https:\/\/mossio.sk\/index.php\/wp-json\/wp\/v2\/comments?post=1270"}],"wp:featuredmedia":[{"embeddable":true,"href":"https:\/\/mossio.sk\/index.php\/wp-json\/wp\/v2\/media\/1273"}],"wp:attachment":[{"href":"https:\/\/mossio.sk\/index.php\/wp-json\/wp\/v2\/media?parent=1270"}],"wp:term":[{"taxonomy":"product_brand","embeddable":true,"href":"https:\/\/mossio.sk\/index.php\/wp-json\/wp\/v2\/product_brand?post=1270"},{"taxonomy":"product_cat","embeddable":true,"href":"https:\/\/mossio.sk\/index.php\/wp-json\/wp\/v2\/product_cat?post=1270"},{"taxonomy":"product_tag","embeddable":true,"href":"https:\/\/mossio.sk\/index.php\/wp-json\/wp\/v2\/product_tag?post=1270"}],"curies":[{"name":"wp","href":"https:\/\/api.w.org\/{rel}","templated":true}]}}