{"id":1255,"date":"2026-03-13T16:27:29","date_gmt":"2026-03-13T15:27:29","guid":{"rendered":"https:\/\/mossio.sk\/?post_type=product&#038;p=1255"},"modified":"2026-03-14T00:16:55","modified_gmt":"2026-03-13T23:16:55","slug":"emerald-wood-clock","status":"publish","type":"product","link":"https:\/\/mossio.sk\/index.php\/produkt\/emerald-wood-clock\/","title":{"rendered":"Emerald Wood Clock"},"content":{"rendered":"","protected":false},"excerpt":{"rendered":"<p data-start=\"819\" data-end=\"882\"><strong data-start=\"819\" data-end=\"882\">Dizajnov\u00e9 n\u00e1stenn\u00e9 hodiny s pr\u00edrodn\u00fdm stabilizovan\u00fdm machom<\/strong><\/p>\n<p data-start=\"884\" data-end=\"1138\">Tieto origin\u00e1lne n\u00e1stenn\u00e9 hodiny kombinuj\u00fa modern\u00fd dizajn s pr\u00edrodn\u00fdmi prvkami. Stred hod\u00edn tvor\u00ed dekorat\u00edvny mas\u00edvny dreven\u00fd prvok, ktor\u00fd je doplnen\u00fd stabilizovan\u00fdm machom po obvode. Mach je bez\u00fadr\u017ebov\u00fd, zachov\u00e1va si svoju farbu a nevy\u017eaduje zalievanie.<\/p>\n<p data-start=\"1140\" data-end=\"1292\">Minimalistick\u00e9 \u010dierne ru\u010di\u010dky dod\u00e1vaj\u00fa hodin\u00e1m elegantn\u00fd vzh\u013ead, ktor\u00fd sa perfektne hod\u00ed do modern\u00fdch dom\u00e1cnost\u00ed, kancel\u00e1ri\u00ed alebo \u0161t\u00fdlov\u00fdch interi\u00e9rov.<\/p>\n<ul>\n<li data-section-id=\"kpp66e\" data-start=\"1308\" data-end=\"1352\">\n<p data-start=\"1310\" data-end=\"1352\">pr\u00edrodn\u00fd stabilizovan\u00fd mach (bez \u00fadr\u017eby)<\/p>\n<\/li>\n<li data-section-id=\"ktqs13\" data-start=\"1353\" data-end=\"1382\">\n<p data-start=\"1355\" data-end=\"1382\">origin\u00e1lny dreven\u00fd dizajn<\/p>\n<\/li>\n<li data-section-id=\"jffmrb\" data-start=\"1383\" data-end=\"1413\">\n<p data-start=\"1385\" data-end=\"1413\">tich\u00fd hodinov\u00fd mechanizmus<\/p>\n<\/li>\n<li data-section-id=\"1ye84rx\" data-start=\"1414\" data-end=\"1466\">\n<p data-start=\"1416\" data-end=\"1466\">modern\u00fd dekor do ob\u00fdva\u010dky, kancel\u00e1rie alebo chodby<\/p>\n<\/li>\n<\/ul>\n","protected":false},"featured_media":1257,"comment_status":"open","ping_status":"closed","template":"","meta":[],"product_brand":[],"product_cat":[15],"product_tag":[],"class_list":{"0":"post-1255","1":"product","2":"type-product","3":"status-publish","4":"has-post-thumbnail","6":"product_cat-nezaradene","8":"first","9":"onbackorder","10":"shipping-taxable","11":"purchasable","12":"product-type-simple"},"_links":{"self":[{"href":"https:\/\/mossio.sk\/index.php\/wp-json\/wp\/v2\/product\/1255","targetHints":{"allow":["GET"]}}],"collection":[{"href":"https:\/\/mossio.sk\/index.php\/wp-json\/wp\/v2\/product"}],"about":[{"href":"https:\/\/mossio.sk\/index.php\/wp-json\/wp\/v2\/types\/product"}],"replies":[{"embeddable":true,"href":"https:\/\/mossio.sk\/index.php\/wp-json\/wp\/v2\/comments?post=1255"}],"wp:featuredmedia":[{"embeddable":true,"href":"https:\/\/mossio.sk\/index.php\/wp-json\/wp\/v2\/media\/1257"}],"wp:attachment":[{"href":"https:\/\/mossio.sk\/index.php\/wp-json\/wp\/v2\/media?parent=1255"}],"wp:term":[{"taxonomy":"product_brand","embeddable":true,"href":"https:\/\/mossio.sk\/index.php\/wp-json\/wp\/v2\/product_brand?post=1255"},{"taxonomy":"product_cat","embeddable":true,"href":"https:\/\/mossio.sk\/index.php\/wp-json\/wp\/v2\/product_cat?post=1255"},{"taxonomy":"product_tag","embeddable":true,"href":"https:\/\/mossio.sk\/index.php\/wp-json\/wp\/v2\/product_tag?post=1255"}],"curies":[{"name":"wp","href":"https:\/\/api.w.org\/{rel}","templated":true}]}}