{"id":70,"date":"2022-01-13T08:30:22","date_gmt":"2022-01-13T08:30:22","guid":{"rendered":"https:\/\/startersites.io\/blocksy\/floreo\/?page_id=70"},"modified":"2026-04-09T09:32:05","modified_gmt":"2026-04-09T07:32:05","slug":"cart","status":"publish","type":"page","link":"https:\/\/mossio.sk\/index.php\/cart\/","title":{"rendered":"Cart"},"content":{"rendered":"\n\n\n\n<div class=\"wp-block-media-text alignfull has-media-on-the-right is-stacked-on-mobile\"><div class=\"wp-block-media-text__content\">\n<h3 class=\"wp-block-heading has-medium-font-size\"><strong>Starostlivo zabalen\u00e9. Doru\u010den\u00e9 bez starost\u00ed.<\/strong><\/h3>\n<\/div><figure class=\"wp-block-media-text__media\"><img loading=\"lazy\" decoding=\"async\" width=\"1024\" height=\"576\" src=\"https:\/\/mossio.sk\/wp-content\/uploads\/2026\/03\/BOX-MOSSIO-KRABICA-1024x576.png\" alt=\"\" class=\"wp-image-1041 size-full\" srcset=\"https:\/\/mossio.sk\/wp-content\/uploads\/2026\/03\/BOX-MOSSIO-KRABICA-1024x576.png 1024w, https:\/\/mossio.sk\/wp-content\/uploads\/2026\/03\/BOX-MOSSIO-KRABICA-300x169.png 300w, https:\/\/mossio.sk\/wp-content\/uploads\/2026\/03\/BOX-MOSSIO-KRABICA-768x432.png 768w, https:\/\/mossio.sk\/wp-content\/uploads\/2026\/03\/BOX-MOSSIO-KRABICA-1536x864.png 1536w, https:\/\/mossio.sk\/wp-content\/uploads\/2026\/03\/BOX-MOSSIO-KRABICA-2048x1152.png 2048w, https:\/\/mossio.sk\/wp-content\/uploads\/2026\/03\/BOX-MOSSIO-KRABICA-600x338.png 600w\" sizes=\"auto, (max-width: 1024px) 100vw, 1024px\" \/><\/figure><\/div>\n","protected":false},"excerpt":{"rendered":"<p>Starostlivo zabalen\u00e9. Doru\u010den\u00e9 bez starost\u00ed.<\/p>\n","protected":false},"author":1,"featured_media":0,"parent":0,"menu_order":0,"comment_status":"closed","ping_status":"closed","template":"","meta":{"footnotes":""},"class_list":["post-70","page","type-page","status-publish","hentry"],"blocksy_meta":{"styles_descriptor":{"styles":{"desktop":"","tablet":"","mobile":""},"google_fonts":[],"version":6}},"_links":{"self":[{"href":"https:\/\/mossio.sk\/index.php\/wp-json\/wp\/v2\/pages\/70","targetHints":{"allow":["GET"]}}],"collection":[{"href":"https:\/\/mossio.sk\/index.php\/wp-json\/wp\/v2\/pages"}],"about":[{"href":"https:\/\/mossio.sk\/index.php\/wp-json\/wp\/v2\/types\/page"}],"author":[{"embeddable":true,"href":"https:\/\/mossio.sk\/index.php\/wp-json\/wp\/v2\/users\/1"}],"replies":[{"embeddable":true,"href":"https:\/\/mossio.sk\/index.php\/wp-json\/wp\/v2\/comments?post=70"}],"version-history":[{"count":5,"href":"https:\/\/mossio.sk\/index.php\/wp-json\/wp\/v2\/pages\/70\/revisions"}],"predecessor-version":[{"id":1475,"href":"https:\/\/mossio.sk\/index.php\/wp-json\/wp\/v2\/pages\/70\/revisions\/1475"}],"wp:attachment":[{"href":"https:\/\/mossio.sk\/index.php\/wp-json\/wp\/v2\/media?parent=70"}],"curies":[{"name":"wp","href":"https:\/\/api.w.org\/{rel}","templated":true}]}}