{"id":456,"date":"2022-01-11T10:15:33","date_gmt":"2022-01-11T10:15:33","guid":{"rendered":"https:\/\/startersites.io\/blocksy\/floreo\/?page_id=13"},"modified":"2026-04-03T21:50:48","modified_gmt":"2026-04-03T19:50:48","slug":"kontakt","status":"publish","type":"page","link":"https:\/\/mossio.sk\/index.php\/kontakt\/","title":{"rendered":""},"content":{"rendered":"\n<div class=\"wp-block-columns has-palette-color-7-background-color has-background is-layout-flex wp-container-core-columns-is-layout-28f84493 wp-block-columns-is-layout-flex\">\n<div class=\"wp-block-column is-layout-flow wp-block-column-is-layout-flow\"><\/div>\n<\/div>\n\n\n\n<div class=\"wp-block-stackable-columns aligncenter stk-block-columns stk-block stk-0c4a0fa\" data-block-id=\"0c4a0fa\"><style>.stk-0c4a0fa {padding-top:120px !important;padding-bottom:120px !important;margin-bottom:0px !important;opacity:1 !important;z-index:0 !important;}.stk-0c4a0fa-column{max-width:1080px !important;min-width:auto !important;}.stk-0c4a0fa > .stk-separator__top svg{fill:#ffffff !important;}@media screen and (max-width:999px){.stk-0c4a0fa {padding-top:70px !important;padding-bottom:70px !important;}}<\/style><div class=\"stk-row stk-inner-blocks stk-block-content stk-content-align stk-0c4a0fa-column\">\n<div class=\"wp-block-stackable-column stk-block-column stk-column stk-block stk-c2123dc\" data-v=\"4\" data-block-id=\"c2123dc\"><div class=\"stk-column-wrapper stk-block-column__content stk-container stk-c2123dc-container stk--no-background stk--no-padding\"><div class=\"has-text-align-center stk-block-content stk-inner-blocks stk-c2123dc-inner-blocks\">\n<h2 class=\"wp-block-heading alignwide has-text-align-center\" style=\"padding-right:0;padding-left:0;font-size:clamp(37.821px, 2.364rem + ((1vw - 3.2px) * 2.514), 70px);\">KONTAKT<\/h2>\n\n\n\n<p>Spolu vytvor\u00edme jedine\u010dn\u00fd k\u00fasok pre V\u00e1\u0161 interi\u00e9r<\/p>\n\n\n\n<div class=\"wp-block-stackable-spacer alignfull stk-block-spacer stk--no-padding stk-block stk-d33bde3\" data-block-id=\"d33bde3\"><style>.stk-d33bde3 {height:0px !important;}@media screen and (max-width:999px){.stk-d33bde3 {height:50px !important;}}<\/style><\/div>\n\n\n\n<div class=\"wp-block-stackable-divider stk-block-divider stk-block stk-645ac2c\" data-block-id=\"645ac2c\"><style>.stk-645ac2c hr.stk-block-divider__hr{background:#000000 !important;height:2px !important;width:80% !important;}<\/style><hr class=\"stk-block-divider__hr\"\/><\/div>\n<\/div><\/div><\/div>\n<\/div><\/div>\n\n\n\n<p class=\"has-text-align-center\" style=\"font-size:clamp(14px, 0.875rem + ((1vw - 3.2px) * 0.234), 17px);\"><br>M\u00e1te ot\u00e1zku? nev\u00e1hajte n\u00e1s kontaktova\u0165. Radi v\u00e1m porad\u00edme s v\u00fdberom a priprav\u00edme rie\u0161enie presne pod\u013ea va\u0161ich predst\u00e1v.<\/p>\n\n\n\n<div class=\"wp-block-group alignfull has-white-background-color has-background is-layout-constrained wp-block-group-is-layout-constrained\" style=\"padding-top:7rem;padding-bottom:7rem\">\n<div class=\"wp-block-group alignfull has-white-background-color has-background is-layout-constrained wp-block-group-is-layout-constrained\" style=\"padding-top:7rem;padding-bottom:7rem\">\n<div class=\"wp-block-columns are-vertically-aligned-center is-layout-flex wp-container-core-columns-is-layout-7785c867 wp-block-columns-is-layout-flex\" style=\"padding-top:0;padding-bottom:0\">\n<div class=\"wp-block-column is-vertically-aligned-center is-layout-flow wp-block-column-is-layout-flow\" style=\"flex-basis:60%\"><div class=\"ct-block-wrapper\">\n\n<h3 class=\"wp-block-heading has-medium-font-size\"><\/h3>\n\n\n<div class=\"ct-contact-info-block \" style=\"--theme-icon-size:25px;--items-spacing:32px;--items-direction:column;--theme-block-text-color:var(--wp--preset--color--palette-color-3);--theme-link-initial-color:var(--wp--preset--color--palette-color-3);--theme-link-hover-color:var(--wp--preset--color--palette-color-1);--theme-icon-color:var(--wp--preset--color--palette-color-3);--theme-icon-hover-color:var(--wp--preset--color--palette-color-1);--background-color:var(--wp--preset--color--palette-color-3);--background-hover-color:var(--wp--preset--color--palette-color-1);\">\n\t\t<ul data-icons-type=\"rounded:outline\">\n\t\t\t\t\t\t\t\t\t\t\t<li class=\"\">\n\t\t\t\t\t<span class=\"ct-icon-container\"><svg width=\"18\" height=\"18\" viewBox=\"0 0 20 20\" aria-hidden=\"true\"><path d=\"M4.4,0C4,0,3.6,0.2,3.2,0.4l0,0l0,0L0.8,2.9l0,0C0,3.6-0.2,4.7,0.1,5.6c0,0,0,0,0,0c0.7,1.9,2.3,5.5,5.6,8.7c3.3,3.3,6.9,4.9,8.7,5.6h0c0.9,0.3,1.9,0.1,2.7-0.5l2.4-2.4c0.6-0.6,0.6-1.7,0-2.4l-3.1-3.1l0,0c-0.6-0.6-1.8-0.6-2.4,0l-1.5,1.5c-0.6-0.3-1.9-1-3.1-2.2C8,9.5,7.4,8.2,7.2,7.6l1.5-1.5c0.6-0.6,0.7-1.7,0-2.4l0,0L8.6,3.6L5.6,0.5l0,0l0,0C5.2,0.2,4.8,0,4.4,0zM4.4,1.5c0.1,0,0.1,0,0.2,0.1l3.1,3.1l0.1,0.1c0,0,0,0.1,0,0.2L5.7,6.9L5.3,7.3l0.2,0.5c0,0,0.9,2.4,2.7,4.1L8.4,12c1.8,1.6,3.9,2.5,3.9,2.5l0.5,0.2l2.3-2.3c0.1-0.1,0.1-0.1,0.2,0l3.1,3.1c0.1,0.1,0.1,0.1,0,0.2l-2.4,2.4c-0.4,0.3-0.7,0.4-1.2,0.2c-1.7-0.7-5.1-2.2-8.1-5.2c-3-3-4.6-6.5-5.2-8.2c-0.1-0.3,0-0.8,0.2-1l0,0l2.3-2.4C4.2,1.6,4.3,1.5,4.4,1.5z\"\/><\/svg><\/span>\n\t\t\t\t\t\t\t\t\t\t\t<div class=\"contact-info\">\n\t\t\t\t\t\t\t\t\t\t\t\t\t\t\t<span class=\"contact-title\">\n\t\t\t\t\t\t\t\t\tTelef\u00f3n:\t\t\t\t\t\t\t\t<\/span>\n\t\t\t\t\t\t\t\n\t\t\t\t\t\t\t\t\t\t\t\t\t\t\t<span class=\"contact-text\">\n\t\t\t\t\t\t\t\t\t\t\t\t\t\t\t\t\t\t\t<a href=\"tel:578-393-4937\" >\n\t\t\t\t\t\t\t\t\t\n\t\t\t\t\t\t\t\t\t+421 948 445 232\n\t\t\t\t\t\t\t\t\t\t\t\t\t\t\t\t\t\t\t<\/a>\n\t\t\t\t\t\t\t\t\t\t\t\t\t\t\t\t\t<\/span>\n\t\t\t\t\t\t\t\t\t\t\t\t\t<\/div>\n\t\t\t\t\t\t\t\t\t<\/li>\n\t\t\t\t\t\t\t\t\t\t\t<li class=\"\">\n\t\t\t\t\t<span class=\"ct-icon-container\"><svg width=\"18\" height=\"18\" viewBox=\"0 0 20 20\" aria-hidden=\"true\"><path d=\"M10,0C4.5,0,0,4.5,0,10s4.5,10,10,10h5v-2h-5c-4.4,0-8-3.6-8-8s3.6-8,8-8s8,3.6,8,8v1.5c0,0.8-0.7,1.5-1.5,1.5S15,12.3,15,11.5V10c0-2.7-2.3-5-5-5s-5,2.3-5,5s2.3,5,5,5c1.4,0,2.7-0.6,3.6-1.6c0.6,0.9,1.7,1.6,2.9,1.6c1.9,0,3.5-1.6,3.5-3.5V10C20,4.5,15.5,0,10,0zM10,7c1.7,0,3,1.3,3,3s-1.3,3-3,3s-3-1.3-3-3S8.3,7,10,7z\"\/><\/svg><\/span>\n\t\t\t\t\t\t\t\t\t\t\t<div class=\"contact-info\">\n\t\t\t\t\t\t\t\t\t\t\t\t\t\t\t<span class=\"contact-title\">\n\t\t\t\t\t\t\t\t\tE-mail\t\t\t\t\t\t\t\t<\/span>\n\t\t\t\t\t\t\t\n\t\t\t\t\t\t\t\t\t\t\t\t\t\t\t<span class=\"contact-text\">\n\t\t\t\t\t\t\t\t\t\n\t\t\t\t\t\t\t\t\tmossio.obchod@gmail.com\n\t\t\t\t\t\t\t\t\t\t\t\t\t\t\t\t\t<\/span>\n\t\t\t\t\t\t\t\t\t\t\t\t\t<\/div>\n\t\t\t\t\t\t\t\t\t<\/li>\n\t\t\t\t\t<\/ul>\n\n\t\t<\/div>\n<\/div>\n\n\n<div class=\"wp-block-group is-layout-constrained wp-block-group-is-layout-constrained\">\n<div class=\"wp-block-stackable-button-group stk-block-button-group stk-block stk-07e6b7c\" data-block-id=\"07e6b7c\"><style>.stk-07e6b7c .stk-button-group{flex-wrap:wrap !important;--stk-button-group-flex-wrap:auto !important;}.stk-07e6b7c .stk-button-group .stk-block-button{width:unset !important;}.stk-07e6b7c .stk-inner-blocks{column-gap:12px !important;}<\/style><div class=\"stk-row stk-inner-blocks stk-block-content stk-button-group\">\n<div class=\"wp-block-stackable-icon-button stk-block-icon-button stk-block stk-19582c5\" data-block-id=\"19582c5\"><style>.stk-19582c5 .stk-button{background:var(--theme-palette-color-6, #000000) !important;}.stk-19582c5 .stk-button .stk--inner-svg svg:last-child, .stk-19582c5 .stk-button .stk--inner-svg svg:last-child :is(g, path, rect, polygon, ellipse){fill:var(--theme-palette-color-8, #ffffff) !important;}<\/style><a class=\"stk-link stk-button stk--hover-effect-darken\" href=\"https:\/\/www.facebook.com\/mossio.sk\/\" target=\"_blank\" rel=\"noreferrer noopener\"><span class=\"stk--svg-wrapper\"><div class=\"stk--inner-svg\"><svg data-prefix=\"fab\" data-icon=\"facebook-square\" class=\"svg-inline--fa fa-facebook-square fa-w-14\" xmlns=\"http:\/\/www.w3.org\/2000\/svg\" viewBox=\"0 0 448 512\" aria-hidden=\"true\" width=\"32\" height=\"32\"><path fill=\"currentColor\" d=\"M400 32H48A48 48 0 0 0 0 80v352a48 48 0 0 0 48 48h137.25V327.69h-63V256h63v-54.64c0-62.15 37-96.48 93.67-96.48 27.14 0 55.52 4.84 55.52 4.84v61h-31.27c-30.81 0-40.42 19.12-40.42 38.73V256h68.78l-11 71.69h-57.78V480H400a48 48 0 0 0 48-48V80a48 48 0 0 0-48-48z\"><\/path><\/svg><\/div><\/span><\/a><\/div>\n\n\n\n<div class=\"wp-block-stackable-icon-button stk-block-icon-button stk-block stk-ce7342d\" data-block-id=\"ce7342d\"><style>.stk-ce7342d .stk-button{background:var(--theme-palette-color-6, #000000) !important;}<\/style><a class=\"stk-link stk-button stk--hover-effect-darken\" href=\"https:\/\/www.instagram.com\/mossio.sk\/\" target=\"_blank\" rel=\"noreferrer noopener\"><span class=\"stk--svg-wrapper\"><div class=\"stk--inner-svg\"><svg data-prefix=\"fab\" data-icon=\"instagram\" class=\"svg-inline--fa fa-instagram fa-w-14\" xmlns=\"http:\/\/www.w3.org\/2000\/svg\" viewBox=\"0 0 448 512\" aria-hidden=\"true\" width=\"32\" height=\"32\"><path fill=\"currentColor\" d=\"M224.1 141c-63.6 0-114.9 51.3-114.9 114.9s51.3 114.9 114.9 114.9S339 319.5 339 255.9 287.7 141 224.1 141zm0 189.6c-41.1 0-74.7-33.5-74.7-74.7s33.5-74.7 74.7-74.7 74.7 33.5 74.7 74.7-33.6 74.7-74.7 74.7zm146.4-194.3c0 14.9-12 26.8-26.8 26.8-14.9 0-26.8-12-26.8-26.8s12-26.8 26.8-26.8 26.8 12 26.8 26.8zm76.1 27.2c-1.7-35.9-9.9-67.7-36.2-93.9-26.2-26.2-58-34.4-93.9-36.2-37-2.1-147.9-2.1-184.9 0-35.8 1.7-67.6 9.9-93.9 36.1s-34.4 58-36.2 93.9c-2.1 37-2.1 147.9 0 184.9 1.7 35.9 9.9 67.7 36.2 93.9s58 34.4 93.9 36.2c37 2.1 147.9 2.1 184.9 0 35.9-1.7 67.7-9.9 93.9-36.2 26.2-26.2 34.4-58 36.2-93.9 2.1-37 2.1-147.8 0-184.8zM398.8 388c-7.8 19.6-22.9 34.7-42.6 42.6-29.5 11.7-99.5 9-132.1 9s-102.7 2.6-132.1-9c-19.6-7.8-34.7-22.9-42.6-42.6-11.7-29.5-9-99.5-9-132.1s-2.6-102.7 9-132.1c7.8-19.6 22.9-34.7 42.6-42.6 29.5-11.7 99.5-9 132.1-9s102.7-2.6 132.1 9c19.6 7.8 34.7 22.9 42.6 42.6 11.7 29.5 9 99.5 9 132.1s2.7 102.7-9 132.1z\"><\/path><\/svg><\/div><\/span><\/a><\/div>\n<\/div><\/div>\n<\/div>\n<\/div>\n\n\n\n<div class=\"wp-block-column is-vertically-aligned-center has-background is-layout-flow wp-block-column-is-layout-flow\" style=\"background-color:#ffffff00\">\n<figure class=\"wp-block-image size-full has-custom-border is-style-default\"><img loading=\"lazy\" decoding=\"async\" width=\"736\" height=\"1313\" src=\"https:\/\/mossio.sk\/wp-content\/uploads\/2026\/03\/\u042d\u043a\u043e\u0434\u0435\u043a\u043e\u0440-\u0432-\u0438\u043d\u0442\u0435\u0440\u044c\u0435\u0440\u0435_-\u0421\u043e\u0437\u0434\u0430\u0439\u0442\u0435-\u0443\u044e\u0442-\u0441-\u043f\u0440\u0438\u0440\u043e\u0434\u043d\u044b\u043c\u0438-\u044d\u043b\u0435\u043c\u0435\u043d\u0442\u0430\u043c\u0438-\ud83c\udf3f.jpg\" alt=\"\" class=\"wp-image-1437\" style=\"border-style:none;border-width:0px;border-radius:20px;aspect-ratio:3\/4;object-fit:cover\" srcset=\"https:\/\/mossio.sk\/wp-content\/uploads\/2026\/03\/\u042d\u043a\u043e\u0434\u0435\u043a\u043e\u0440-\u0432-\u0438\u043d\u0442\u0435\u0440\u044c\u0435\u0440\u0435_-\u0421\u043e\u0437\u0434\u0430\u0439\u0442\u0435-\u0443\u044e\u0442-\u0441-\u043f\u0440\u0438\u0440\u043e\u0434\u043d\u044b\u043c\u0438-\u044d\u043b\u0435\u043c\u0435\u043d\u0442\u0430\u043c\u0438-\ud83c\udf3f.jpg 736w, https:\/\/mossio.sk\/wp-content\/uploads\/2026\/03\/\u042d\u043a\u043e\u0434\u0435\u043a\u043e\u0440-\u0432-\u0438\u043d\u0442\u0435\u0440\u044c\u0435\u0440\u0435_-\u0421\u043e\u0437\u0434\u0430\u0439\u0442\u0435-\u0443\u044e\u0442-\u0441-\u043f\u0440\u0438\u0440\u043e\u0434\u043d\u044b\u043c\u0438-\u044d\u043b\u0435\u043c\u0435\u043d\u0442\u0430\u043c\u0438-\ud83c\udf3f-168x300.jpg 168w, https:\/\/mossio.sk\/wp-content\/uploads\/2026\/03\/\u042d\u043a\u043e\u0434\u0435\u043a\u043e\u0440-\u0432-\u0438\u043d\u0442\u0435\u0440\u044c\u0435\u0440\u0435_-\u0421\u043e\u0437\u0434\u0430\u0439\u0442\u0435-\u0443\u044e\u0442-\u0441-\u043f\u0440\u0438\u0440\u043e\u0434\u043d\u044b\u043c\u0438-\u044d\u043b\u0435\u043c\u0435\u043d\u0442\u0430\u043c\u0438-\ud83c\udf3f-574x1024.jpg 574w, https:\/\/mossio.sk\/wp-content\/uploads\/2026\/03\/\u042d\u043a\u043e\u0434\u0435\u043a\u043e\u0440-\u0432-\u0438\u043d\u0442\u0435\u0440\u044c\u0435\u0440\u0435_-\u0421\u043e\u0437\u0434\u0430\u0439\u0442\u0435-\u0443\u044e\u0442-\u0441-\u043f\u0440\u0438\u0440\u043e\u0434\u043d\u044b\u043c\u0438-\u044d\u043b\u0435\u043c\u0435\u043d\u0442\u0430\u043c\u0438-\ud83c\udf3f-600x1070.jpg 600w\" sizes=\"auto, (max-width: 736px) 100vw, 736px\" \/><\/figure>\n<\/div>\n<\/div>\n<\/div>\n<\/div>\n","protected":false},"excerpt":{"rendered":"<p>KONTAKT Spolu vytvor\u00edme jedine\u010dn\u00fd k\u00fasok pre V\u00e1\u0161 interi\u00e9r M\u00e1te ot\u00e1zku? nev\u00e1hajte n\u00e1s kontaktova\u0165. Radi v\u00e1m porad\u00edme s v\u00fdberom a priprav\u00edme rie\u0161enie presne pod\u013ea va\u0161ich predst\u00e1v.<\/p>\n","protected":false},"author":1,"featured_media":0,"parent":0,"menu_order":0,"comment_status":"closed","ping_status":"closed","template":"","meta":{"footnotes":""},"class_list":["post-456","page","type-page","status-publish","hentry"],"blocksy_meta":{"styles_descriptor":{"styles":{"desktop":"","tablet":"","mobile":""},"google_fonts":[],"version":6},"page_title_panel":"","has_hero_section":"disabled","95852cc9657924cc5b974244a7d9359c":"","hero_section":"type-1","hero_elements":[{"id":"custom_title","enabled":true,"heading_tag":"h1","title":"Home"},{"id":"custom_description","enabled":true,"description_visibility":{"desktop":true,"tablet":true,"mobile":false}},{"id":"custom_meta","enabled":false,"meta_elements":[{"id":"author","enabled":true,"label":"By","has_author_avatar":"yes","avatar_size":25},{"id":"post_date","enabled":true,"label":"On","date_format_source":"default","date_format":"M j, Y"},{"id":"updated_date","enabled":false,"label":"On","date_format_source":"default","date_format":"M j, Y"},{"id":"categories","enabled":false,"label":"In","style":"simple"},{"id":"comments","enabled":true}],"page_meta_elements":{"joined":true,"articles_count":true,"comments":true}},{"id":"breadcrumbs","enabled":false}],"df46479d754b2ceced589eae656761ad":"","hero_alignment1":"CT_CSS_SKIP_RULE","hero_margin":40,"hero_alignment2":"center","hero_vertical_alignment":"center","3dadbd8bf6941eec16e0c24378186ca7":"","hero_structure":"narrow","7c2433614bd952307a65d35f3de40a9c":"","page_title_bg_type":"featured_image","custom_hero_background":{"attachment_id":null},"parallax":{"desktop":false,"tablet":false,"mobile":false},"dfadf33e71bfae14a646df02827885ec":"","hero_height":"250px","pageTitleFont":{"family":"Default","variation":"Default","size":"30px","line-height":"CT_CSS_SKIP_RULE","letter-spacing":"CT_CSS_SKIP_RULE","text-transform":"CT_CSS_SKIP_RULE","text-decoration":"CT_CSS_SKIP_RULE"},"pageTitleFontColor":{"default":{"color":"CT_CSS_SKIP_RULEDEFAULT"}},"pageMetaFont":{"family":"Default","variation":"n6","size":"12px","line-height":"1.3","letter-spacing":"CT_CSS_SKIP_RULE","text-transform":"uppercase","text-decoration":"CT_CSS_SKIP_RULE"},"pageMetaFontColor":{"default":{"color":"CT_CSS_SKIP_RULEDEFAULT"},"hover":{"color":"CT_CSS_SKIP_RULEDEFAULT"}},"page_meta_button_type_font_colors":{"default":{"color":"CT_CSS_SKIP_RULEDEFAULT"},"hover":{"color":"CT_CSS_SKIP_RULEDEFAULT"}},"page_meta_button_type_background_colors":{"default":{"color":"CT_CSS_SKIP_RULEDEFAULT"},"hover":{"color":"CT_CSS_SKIP_RULEDEFAULT"}},"pageExcerptFont":{"family":"Default","variation":"Default","size":"CT_CSS_SKIP_RULE","line-height":"CT_CSS_SKIP_RULE","letter-spacing":"CT_CSS_SKIP_RULE","text-transform":"CT_CSS_SKIP_RULE","text-decoration":"CT_CSS_SKIP_RULE"},"pageExcerptColor":{"default":{"color":"CT_CSS_SKIP_RULEDEFAULT"}},"breadcrumbsFont":{"family":"Default","variation":"Default","size":"CT_CSS_SKIP_RULE","line-height":"CT_CSS_SKIP_RULE","letter-spacing":"CT_CSS_SKIP_RULE","text-transform":"CT_CSS_SKIP_RULE","text-decoration":"CT_CSS_SKIP_RULE"},"breadcrumbsFontColor":{"default":{"color":"CT_CSS_SKIP_RULEDEFAULT"},"initial":{"color":"CT_CSS_SKIP_RULEDEFAULT"},"hover":{"color":"CT_CSS_SKIP_RULEDEFAULT"}},"pageTitleOverlay":{"background_type":"color","background_pattern":"type-1","background_image":{"attachment_id":null,"x":0,"y":0},"gradient":"linear-gradient(135deg,rgba(6,147,227,1) 0%,rgb(155,81,224) 100%)","background_repeat":"repeat","background_size":"auto","background_attachment":"scroll","patternColor":{"default":{"color":"#e5e7ea"}},"overlayColor":{"default":{"color":"CT_CSS_SKIP_RULE"}},"backgroundColor":{"default":{"color":"CT_CSS_SKIP_RULE"}}},"pageTitleBackground":{"background_type":"color","background_pattern":"type-1","background_image":{"attachment_id":null,"x":0,"y":0},"gradient":"linear-gradient(135deg,rgba(6,147,227,1) 0%,rgb(155,81,224) 100%)","background_repeat":"repeat","background_size":"auto","background_attachment":"scroll","patternColor":{"default":{"color":"#e5e7ea"}},"overlayColor":{"default":{"color":"CT_CSS_SKIP_RULE"}},"backgroundColor":{"default":{"color":"var(--theme-palette-color-6)"}}},"pageTitlePadding":{"top":"50px","bottom":"50px","left":"auto","right":"auto","linked":true},"6163d38e950fb939decdbb7fd1b9c6ed":"","page_structure_type":"default","326c5c5493fea6352f6a015c36b5d9ca":"","content_style_source":"inherit","content_style":"wide","vertical_spacing_source":"custom","content_area_spacing":"none","background":{"background_type":"color","background_pattern":"type-1","background_image":{"attachment_id":null,"x":0,"y":0},"gradient":"linear-gradient(135deg,rgba(6,147,227,1) 0%,rgb(155,81,224) 100%)","background_repeat":"repeat","background_size":"auto","background_attachment":"scroll","patternColor":{"default":{"color":"#e5e7ea"}},"overlayColor":{"default":{"color":"CT_CSS_SKIP_RULE"}},"backgroundColor":{"default":{"color":"CT_CSS_SKIP_RULE"}}},"content_background":{"background_type":"color","background_pattern":"type-1","background_image":{"attachment_id":null,"x":0,"y":0},"gradient":"linear-gradient(135deg,rgba(6,147,227,1) 0%,rgb(155,81,224) 100%)","background_repeat":"repeat","background_size":"auto","background_attachment":"scroll","patternColor":{"default":{"color":"#e5e7ea"}},"overlayColor":{"default":{"color":"CT_CSS_SKIP_RULE"}},"backgroundColor":{"default":{"color":"var(--theme-palette-color-8)"}}},"content_boxed_shadow":{"inherit":false,"blur":18,"spread":-6,"v_offset":12,"h_offset":0,"inset":false,"enable":true,"color":{"color":"rgba(34, 56, 101, 0.04)"}},"boxed_content_spacing":{"desktop":{"top":"40px","bottom":"40px","left":"40px","right":"40px","linked":true},"tablet":{"top":"35px","bottom":"35px","left":"35px","right":"35px","linked":true},"mobile":{"top":"20px","bottom":"20px","left":"20px","right":"20px","linked":true}},"content_boxed_radius":{"top":"3px","bottom":"3px","left":"3px","right":"3px","linked":true},"71ca3cad74e101367ab10efe2a070489":"","disable_featured_image":"no","disable_share_box":"no","disable_header":"no","disable_footer":"no"},"_links":{"self":[{"href":"https:\/\/mossio.sk\/index.php\/wp-json\/wp\/v2\/pages\/456","targetHints":{"allow":["GET"]}}],"collection":[{"href":"https:\/\/mossio.sk\/index.php\/wp-json\/wp\/v2\/pages"}],"about":[{"href":"https:\/\/mossio.sk\/index.php\/wp-json\/wp\/v2\/types\/page"}],"author":[{"embeddable":true,"href":"https:\/\/mossio.sk\/index.php\/wp-json\/wp\/v2\/users\/1"}],"replies":[{"embeddable":true,"href":"https:\/\/mossio.sk\/index.php\/wp-json\/wp\/v2\/comments?post=456"}],"version-history":[{"count":72,"href":"https:\/\/mossio.sk\/index.php\/wp-json\/wp\/v2\/pages\/456\/revisions"}],"predecessor-version":[{"id":1845,"href":"https:\/\/mossio.sk\/index.php\/wp-json\/wp\/v2\/pages\/456\/revisions\/1845"}],"wp:attachment":[{"href":"https:\/\/mossio.sk\/index.php\/wp-json\/wp\/v2\/media?parent=456"}],"curies":[{"name":"wp","href":"https:\/\/api.w.org\/{rel}","templated":true}]}}