{"id":1754,"date":"2026-03-26T19:12:29","date_gmt":"2026-03-26T18:12:29","guid":{"rendered":"https:\/\/mossio.sk\/?page_id=1754"},"modified":"2026-03-30T13:34:33","modified_gmt":"2026-03-30T11:34:33","slug":"cenova-ponuka-na-mieru","status":"publish","type":"page","link":"https:\/\/mossio.sk\/index.php\/cenova-ponuka-na-mieru\/","title":{"rendered":"Cenov\u00e1 ponuka na mieru"},"content":{"rendered":"\n<div style=\"height:100px\" aria-hidden=\"true\" class=\"wp-block-spacer\"><\/div>\n\n\n\n<p class=\"has-text-align-center\">M\u00e1te z\u00e1ujem o machov\u00fd obraz, hodiny alebo machov\u00fa stenu na mieru?<br><\/p>\n\n\n\n<div class=\"forminator-guttenberg\"><div class=\"forminator-ui forminator-custom-form forminator-custom-form-1753 forminator-design--material  forminator_ajax\" data-forminator-render=\"0\" data-form=\"forminator-module-1753\" data-uid=\"69dc67c44bd64\"><br\/><\/div><form\n\t\t\t\tid=\"forminator-module-1753\"\n\t\t\t\tclass=\"forminator-ui forminator-custom-form forminator-custom-form-1753 forminator-design--material  forminator_ajax\"\n\t\t\t\tmethod=\"post\"\n\t\t\t\tdata-forminator-render=\"0\"\n\t\t\t\tdata-form-id=\"1753\"\n\t\t\t\tenctype=\"multipart\/form-data\" data-color-option=\"theme\" data-design=\"material\" data-grid=\"open\" style=\"display: none;\"\n\t\t\t\tdata-uid=\"69dc67c44bd64\"\n\t\t\t><div role=\"alert\" aria-live=\"polite\" class=\"forminator-response-message forminator-error\" aria-hidden=\"true\"><\/div><div class=\"forminator-row\"><div id=\"checkbox-1\" class=\"forminator-field-checkbox forminator-col forminator-col-12 \"><div role=\"group\" class=\"forminator-field required\" aria-labelledby=\"forminator-checkbox-group-forminator-field-checkbox-1-69dc67c44bd64-label\"><span id=\"forminator-checkbox-group-forminator-field-checkbox-1-69dc67c44bd64-label\" class=\"forminator-label\">Typ produktu <span class=\"forminator-required\">*<\/span><\/span><label id=\"forminator-field-checkbox-1-1-69dc67c44bd64-label\" for=\"forminator-field-checkbox-1-1-69dc67c44bd64\" class=\"forminator-checkbox forminator-checkbox-inline\" title=\"Machov\u00e1 stena\"><input type=\"checkbox\" name=\"checkbox-1[]\" value=\"machova-stena\" id=\"forminator-field-checkbox-1-1-69dc67c44bd64\" aria-labelledby=\"forminator-field-checkbox-1-1-69dc67c44bd64-label\" data-calculation=\"0\"  \/><span class=\"forminator-checkbox-box\" aria-hidden=\"true\"><\/span><span class=\"forminator-checkbox-label\">Machov\u00e1 stena<\/span><\/label><label id=\"forminator-field-checkbox-1-2-69dc67c44bd64-label\" for=\"forminator-field-checkbox-1-2-69dc67c44bd64\" class=\"forminator-checkbox forminator-checkbox-inline\" title=\"Machov\u00fd obraz\"><input type=\"checkbox\" name=\"checkbox-1[]\" value=\"machovy-obraz\" id=\"forminator-field-checkbox-1-2-69dc67c44bd64\" aria-labelledby=\"forminator-field-checkbox-1-2-69dc67c44bd64-label\" data-calculation=\"0\"  \/><span class=\"forminator-checkbox-box\" aria-hidden=\"true\"><\/span><span class=\"forminator-checkbox-label\">Machov\u00fd obraz<\/span><\/label><\/div><\/div><\/div><div class=\"forminator-row\"><div id=\"name-1\" class=\"forminator-field-name forminator-col forminator-col-12 \"><div class=\"forminator-row forminator-no-margin\" data-multiple=\"true\"><div class=\"forminator-col forminator-col-md-6\"><div class=\"forminator-field\"><label for=\"forminator-field-first-name-1_69dc67c44bd64\" id=\"forminator-field-first-name-1_69dc67c44bd64-label\" class=\"forminator-label\">Meno <span class=\"forminator-required\">*<\/span><\/label><input type=\"text\" name=\"name-1-first-name\" placeholder=\"\" id=\"forminator-field-first-name-1_69dc67c44bd64\" class=\"forminator-input\" aria-required=\"true\" data-multi=\"1\" autocomplete=\"given-name\" value=\"\" \/><\/div><\/div><div class=\"forminator-col forminator-col-md-6\"><div class=\"forminator-field\"><label for=\"forminator-field-last-name-1_69dc67c44bd64\" id=\"forminator-field-last-name-1_69dc67c44bd64-label\" class=\"forminator-label\">Priezvisko <span class=\"forminator-required\">*<\/span><\/label><input type=\"text\" name=\"name-1-last-name\" placeholder=\"\" id=\"forminator-field-last-name-1_69dc67c44bd64\" class=\"forminator-input\" aria-required=\"true\" data-multi=\"1\" autocomplete=\"family-name\" value=\"\" \/><\/div><\/div><\/div><\/div><\/div><div class=\"forminator-row\"><div id=\"email-1\" class=\"forminator-field-email forminator-col forminator-col-6 \"><div class=\"forminator-field\"><label for=\"forminator-field-email-1_69dc67c44bd64\" id=\"forminator-field-email-1_69dc67c44bd64-label\" class=\"forminator-label\">E-mail<\/label><input type=\"email\" name=\"email-1\" value=\"\" placeholder=\"\" id=\"forminator-field-email-1_69dc67c44bd64\" class=\"forminator-input forminator-email--field\" data-required=\"\" aria-required=\"false\" autocomplete=\"email\" \/><\/div><\/div><div id=\"phone-1\" class=\"forminator-field-phone forminator-col forminator-col-6 \"><div class=\"forminator-field\"><label for=\"forminator-field-phone-1_69dc67c44bd64\" id=\"forminator-field-phone-1_69dc67c44bd64-label\" class=\"forminator-label\">Telef\u00f3nne \u010d\u00edslo <span class=\"forminator-required\">*<\/span><\/label><input type=\"text\" name=\"phone-1\" value=\"\" placeholder=\"\" id=\"forminator-field-phone-1_69dc67c44bd64\" class=\"forminator-input forminator-field--phone\" data-required=\"1\" aria-required=\"true\" autocomplete=\"off\" data-validation=\"1\" \/><\/div><\/div><\/div><div class=\"forminator-row\"><div id=\"upload-1\" class=\"forminator-field-upload forminator-col forminator-col-12 \"><div class=\"forminator-field\"><label for=\"forminator-field-upload-1_69dc67c44bd64\" id=\"forminator-field-upload-1_69dc67c44bd64-label\" class=\"forminator-label\">Fotografia miesta mont\u00e1\u017ee<\/label><div class=\"forminator-multi-upload \" data-element=\"upload-1_69dc67c44bd64\"><input type=\"file\" name=\"upload-1[]\" id=\"forminator-field-upload-1_69dc67c44bd64\" class=\"forminator-input-file forminator-field-upload-1_69dc67c44bd64-1753\" multiple=\"multiple\" data-method=\"ajax\" data-size=\"8000000\" data-size-message=\"Maximum file size allowed is 8 MB. \"><div class=\"forminator-multi-upload-message\" aria-hidden=\"true\"><span class=\"forminator-icon-upload\" aria-hidden=\"true\"><\/span><p>Drag and Drop (or) <a class=\"forminator-upload-file--forminator-field-upload-1_69dc67c44bd64\" href=\"#\" onclick=\"return false;\">Choose Files<\/a><\/p><\/div><\/div><ul class=\"forminator-uploaded-files upload-container-upload-1_69dc67c44bd64\"><\/ul><\/div><\/div><\/div><div class=\"forminator-row\"><div id=\"textarea-1\" class=\"forminator-field-textarea forminator-col forminator-col-12 \"><div class=\"forminator-field\"><label for=\"forminator-field-textarea-1_69dc67c44bd64\" id=\"forminator-field-textarea-1_69dc67c44bd64-label\" class=\"forminator-label\">Dodato\u010dn\u00e9 inform\u00e1cie<\/label><span id=\"forminator-field-textarea-1_69dc67c44bd64-description\" class=\"forminator-description\"><span data-limit=\"180\" data-type=\"characters\" data-editor=\"\">0 \/ 180<\/span><\/span><textarea name=\"textarea-1\" placeholder=\"\" id=\"forminator-field-textarea-1_69dc67c44bd64\" class=\"forminator-textarea\" rows=\"6\" style=\"min-height:140px;\" maxlength=\"180\" ><\/textarea><\/div><\/div><\/div><input type=\"hidden\" name=\"referer_url\" value=\"\" \/><div class=\"forminator-row forminator-row-last\"><div class=\"forminator-col\"><div class=\"forminator-field\"><button class=\"forminator-button forminator-button-submit\"><span>Vy\u017eiada\u0165 cenov&uacute; ponuku<\/span><span aria-hidden=\"true\"><\/span><\/button><\/div><\/div><\/div><input type=\"hidden\" id=\"forminator_nonce\" name=\"forminator_nonce\" value=\"33b8dcd56f\" \/><input type=\"hidden\" name=\"_wp_http_referer\" value=\"\/index.php\/wp-json\/wp\/v2\/pages\/1754\" \/><input type=\"hidden\" name=\"form_id\" value=\"1753\"><input type=\"hidden\" name=\"page_id\" value=\"1754\"><input type=\"hidden\" name=\"form_type\" value=\"default\"><input type=\"hidden\" name=\"current_url\" value=\"https:\/\/mossio.sk\/index.php\/cenova-ponuka-na-mieru\/\"><input type=\"hidden\" name=\"render_id\" value=\"0\"><input type=\"hidden\" name=\"forminator-multifile-hidden\" class=\"forminator-multifile-hidden\"><input type=\"hidden\" name=\"action\" value=\"forminator_submit_form_custom-forms\"><\/form><\/div>\n","protected":false},"excerpt":{"rendered":"<p>M\u00e1te z\u00e1ujem o machov\u00fd obraz, hodiny alebo machov\u00fa stenu na mieru?<\/p>\n","protected":false},"author":1,"featured_media":0,"parent":0,"menu_order":0,"comment_status":"closed","ping_status":"closed","template":"","meta":{"footnotes":""},"class_list":["post-1754","page","type-page","status-publish","hentry"],"blocksy_meta":[],"_links":{"self":[{"href":"https:\/\/mossio.sk\/index.php\/wp-json\/wp\/v2\/pages\/1754","targetHints":{"allow":["GET"]}}],"collection":[{"href":"https:\/\/mossio.sk\/index.php\/wp-json\/wp\/v2\/pages"}],"about":[{"href":"https:\/\/mossio.sk\/index.php\/wp-json\/wp\/v2\/types\/page"}],"author":[{"embeddable":true,"href":"https:\/\/mossio.sk\/index.php\/wp-json\/wp\/v2\/users\/1"}],"replies":[{"embeddable":true,"href":"https:\/\/mossio.sk\/index.php\/wp-json\/wp\/v2\/comments?post=1754"}],"version-history":[{"count":5,"href":"https:\/\/mossio.sk\/index.php\/wp-json\/wp\/v2\/pages\/1754\/revisions"}],"predecessor-version":[{"id":1800,"href":"https:\/\/mossio.sk\/index.php\/wp-json\/wp\/v2\/pages\/1754\/revisions\/1800"}],"wp:attachment":[{"href":"https:\/\/mossio.sk\/index.php\/wp-json\/wp\/v2\/media?parent=1754"}],"curies":[{"name":"wp","href":"https:\/\/api.w.org\/{rel}","templated":true}]}}