{"id":1085,"date":"2026-03-10T10:43:15","date_gmt":"2026-03-10T09:43:15","guid":{"rendered":"https:\/\/mossio.sk\/?page_id=1085"},"modified":"2026-03-22T14:22:35","modified_gmt":"2026-03-22T13:22:35","slug":"doprava","status":"publish","type":"page","link":"https:\/\/mossio.sk\/index.php\/doprava\/","title":{"rendered":""},"content":{"rendered":"\n<div class=\"wp-block-stackable-columns alignfull stk-block-columns stk-block stk-ba85bee stk-block-background stk--background-scheme--scheme-default-3 stk--has-background-overlay\" data-block-id=\"ba85bee\"><style>.stk-ba85bee {background-color:#ffffff !important;background-image:url(https:\/\/startersites.io\/blocksy\/floreo\/wp-content\/uploads\/2022\/01\/flowers-pattern-1-white.svg) !important;background-size:750px !important;padding-top:120px !important;padding-bottom:120px !important;margin-bottom:0px !important;}.stk-ba85bee:before{background-color:#ffffff !important;opacity:1 !important;}.stk-ba85bee > .stk-separator__top svg{fill:#ffffff !important;}@media screen and (max-width:999px){.stk-ba85bee {padding-top:70px !important;padding-bottom:70px !important;}}<\/style><div class=\"stk-row stk-inner-blocks has-text-align-left stk-block-content stk-content-align stk-ba85bee-column alignfull\">\n<div class=\"wp-block-stackable-column stk-block-column stk-column stk-block stk-0129ff1\" data-v=\"4\" data-block-id=\"0129ff1\"><div class=\"stk-column-wrapper stk-block-column__content stk-container stk-0129ff1-container stk--no-background stk--no-padding\"><div class=\"stk-block-content stk-inner-blocks stk-0129ff1-inner-blocks\">\n<div class=\"wp-block-stackable-columns aligncenter stk-block-columns stk-block stk-0c4a0fa\" data-block-id=\"0c4a0fa\"><style>.stk-0c4a0fa {padding-top:120px !important;padding-bottom:120px !important;margin-bottom:0px !important;opacity:1 !important;z-index:0 !important;}.stk-0c4a0fa-column{max-width:1080px !important;min-width:auto !important;}.stk-0c4a0fa > .stk-separator__top svg{fill:#ffffff !important;}@media screen and (max-width:999px){.stk-0c4a0fa {padding-top:70px !important;padding-bottom:70px !important;}}<\/style><div class=\"stk-row stk-inner-blocks stk-block-content stk-content-align stk-0c4a0fa-column\">\n<div class=\"wp-block-stackable-column stk-block-column stk-column stk-block stk-c2123dc\" data-v=\"4\" data-block-id=\"c2123dc\"><div class=\"stk-column-wrapper stk-block-column__content stk-container stk-c2123dc-container stk--no-background stk--no-padding\"><div class=\"has-text-align-center stk-block-content stk-inner-blocks stk-c2123dc-inner-blocks\">\n<h2 class=\"wp-block-heading alignwide has-text-align-center\" style=\"padding-right:0;padding-left:0;font-size:clamp(37.821px, 2.364rem + ((1vw - 3.2px) * 2.514), 70px);\">DOPRAVA A PLATBA<\/h2>\n\n\n\n<p>Jednoduch\u00fd proces od objedn\u00e1vky a\u017e po doru\u010denie k v\u00e1m domov<\/p>\n\n\n\n<div class=\"wp-block-stackable-spacer alignfull stk-block-spacer stk--no-padding stk-block stk-8f910a2\" data-block-id=\"8f910a2\"><style>.stk-8f910a2 {height:0px !important;}@media screen and (max-width:999px){.stk-8f910a2 {height:50px !important;}}<\/style><\/div>\n\n\n\n<div class=\"wp-block-stackable-divider stk-block-divider stk-block stk-1b21bdd\" data-block-id=\"1b21bdd\"><style>.stk-1b21bdd hr.stk-block-divider__hr{background:#000000 !important;height:2px !important;width:80% !important;}<\/style><hr class=\"stk-block-divider__hr\"\/><\/div>\n<\/div><\/div><\/div>\n<\/div><\/div>\n<\/div><\/div><\/div>\n<\/div><\/div>\n\n\n\n<p class=\"has-text-align-center\">Produkty vyr\u00e1bame preva\u017ene na objedn\u00e1vku, ke\u010f\u017ee ide o ru\u010dn\u00fa v\u00fdrobu na mieru. Po potvrden\u00ed objedn\u00e1vky vystavujeme <span style=\"color: #447057;\" class=\"stk-highlight\"><strong>z\u00e1lohov\u00fa fakt\u00faru<\/strong><\/span>. Po jej uhraden\u00ed za\u010d\u00edname s v\u00fdrobou produktu. Doba v\u00fdroby je zvy\u010dajne <span style=\"color: #447057;\" class=\"stk-highlight\"><strong>3 \u2013 10 pracovn\u00fdch dn\u00ed<\/strong><\/span> v z\u00e1vislosti od ve\u013ekosti a n\u00e1ro\u010dnosti objedn\u00e1vky.<\/p>\n\n\n\n<p class=\"has-text-align-center\">Hotov\u00fd produkt n\u00e1sledne bezpe\u010dne zabal\u00edme a odo\u0161leme. Doru\u010denie je mo\u017en\u00e9 kuri\u00e9rskou slu\u017ebou alebo osobn\u00fdm dovozom pod\u013ea dohody.<\/p>\n\n\n\n<p class=\"has-text-align-center\">Po doru\u010den\u00ed obdr\u017e\u00edte fin\u00e1lnu fakt\u00faru na doplatenie zost\u00e1vaj\u00facej sumy objedn\u00e1vky. Fakt\u00faru odovzd\u00e1vame osobne alebo zasielame elektronicky.<\/p>\n\n\n\n<p class=\"has-text-align-center has-black-color has-text-color has-link-color wp-elements-fa12cf42f49696b2c85c676bb18e582e\">V pr\u00edpade ot\u00e1zok alebo individu\u00e1lnych po\u017eiadaviek n\u00e1s m\u00f4\u017eete kedyko\u013evek <a href=\"https:\/\/mossio.sk\/index.php\/kontakt\/\" data-type=\"link\" data-id=\"https:\/\/mossio.sk\/wp-admin\/post.php?post=456&amp;action=edit\"><span style=\"color: #000000;\" class=\"stk-highlight\">kontaktova\u0165<\/span><\/a>.<\/p>\n\n\n\n<figure class=\"wp-block-image alignwide size-full\"><img loading=\"lazy\" decoding=\"async\" width=\"2560\" height=\"1824\" src=\"https:\/\/mossio.sk\/wp-content\/uploads\/2026\/03\/POSTUP-scaled.png\" alt=\"\" class=\"wp-image-1418\" srcset=\"https:\/\/mossio.sk\/wp-content\/uploads\/2026\/03\/POSTUP-scaled.png 2560w, https:\/\/mossio.sk\/wp-content\/uploads\/2026\/03\/POSTUP-300x214.png 300w, https:\/\/mossio.sk\/wp-content\/uploads\/2026\/03\/POSTUP-1024x730.png 1024w, https:\/\/mossio.sk\/wp-content\/uploads\/2026\/03\/POSTUP-768x547.png 768w, https:\/\/mossio.sk\/wp-content\/uploads\/2026\/03\/POSTUP-1536x1095.png 1536w, https:\/\/mossio.sk\/wp-content\/uploads\/2026\/03\/POSTUP-2048x1459.png 2048w, https:\/\/mossio.sk\/wp-content\/uploads\/2026\/03\/POSTUP-600x428.png 600w\" sizes=\"auto, (max-width: 2560px) 100vw, 2560px\" \/><\/figure>\n","protected":false},"excerpt":{"rendered":"<p>DOPRAVA A PLATBA Jednoduch\u00fd proces od objedn\u00e1vky a\u017e po doru\u010denie k v\u00e1m domov Produkty vyr\u00e1bame preva\u017ene na objedn\u00e1vku, ke\u010f\u017ee ide o ru\u010dn\u00fa v\u00fdrobu na mieru. Po potvrden\u00ed objedn\u00e1vky vystavujeme z\u00e1lohov\u00fa fakt\u00faru. Po jej uhraden\u00ed za\u010d\u00edname s v\u00fdrobou produktu. Doba v\u00fdroby je zvy\u010dajne 3 \u2013 10 pracovn\u00fdch dn\u00ed v z\u00e1vislosti od ve\u013ekosti a n\u00e1ro\u010dnosti objedn\u00e1vky. Hotov\u00fd [&hellip;]<\/p>\n","protected":false},"author":1,"featured_media":0,"parent":0,"menu_order":0,"comment_status":"closed","ping_status":"closed","template":"","meta":{"footnotes":""},"class_list":["post-1085","page","type-page","status-publish","hentry"],"blocksy_meta":[],"_links":{"self":[{"href":"https:\/\/mossio.sk\/index.php\/wp-json\/wp\/v2\/pages\/1085","targetHints":{"allow":["GET"]}}],"collection":[{"href":"https:\/\/mossio.sk\/index.php\/wp-json\/wp\/v2\/pages"}],"about":[{"href":"https:\/\/mossio.sk\/index.php\/wp-json\/wp\/v2\/types\/page"}],"author":[{"embeddable":true,"href":"https:\/\/mossio.sk\/index.php\/wp-json\/wp\/v2\/users\/1"}],"replies":[{"embeddable":true,"href":"https:\/\/mossio.sk\/index.php\/wp-json\/wp\/v2\/comments?post=1085"}],"version-history":[{"count":17,"href":"https:\/\/mossio.sk\/index.php\/wp-json\/wp\/v2\/pages\/1085\/revisions"}],"predecessor-version":[{"id":1549,"href":"https:\/\/mossio.sk\/index.php\/wp-json\/wp\/v2\/pages\/1085\/revisions\/1549"}],"wp:attachment":[{"href":"https:\/\/mossio.sk\/index.php\/wp-json\/wp\/v2\/media?parent=1085"}],"curies":[{"name":"wp","href":"https:\/\/api.w.org\/{rel}","templated":true}]}}